{"id":39917,"date":"2024-11-16T11:17:49","date_gmt":"2024-11-16T10:17:49","guid":{"rendered":"https:\/\/www.sweetmaloryne.com\/boutique\/?post_type=product&#038;p=39917"},"modified":"2026-05-06T15:19:34","modified_gmt":"2026-05-06T13:19:34","slug":"brume-doreiller-made-in-france-50ml-fragrance-au-choix","status":"publish","type":"product","link":"https:\/\/www.sweetmaloryne.com\/boutique\/produit\/brume-doreiller-made-in-france-50ml-fragrance-au-choix\/","title":{"rendered":"Brume d&rsquo;Oreiller Made in France 50ml, Fragrance au Choix"},"content":{"rendered":"<p>Sp\u00e9cialement con\u00e7ue pour vous offrir un moment de d\u00e9tente, notre brume d\u2019oreiller s\u2019utilise sur l\u2019ensemble du linge de maison.<\/p>\n<p>Son parfum d\u00e9licat cr\u00e9era l\u2019atmosph\u00e8re id\u00e9ale pour vous emporter dans un sommeil tendre et apais\u00e9.<\/p>\n","protected":false},"excerpt":{"rendered":"<p>Ces brumes d\u2019oreiller sont fabriqu\u00e9es dans nos ateliers \u00e0 partir d\u2019alcool de betterave et de bl\u00e9 produits et transform\u00e9s en France.<\/p>\n","protected":false},"featured_media":39925,"template":"","meta":[],"product_brand":[],"product_cat":[20],"product_tag":[],"class_list":{"0":"post-39917","1":"product","2":"type-product","3":"status-publish","4":"has-post-thumbnail","6":"product_cat-lifestyle","7":"description-off","9":"first","10":"instock","11":"shipping-taxable","12":"purchasable","13":"product-type-variable"},"_links":{"self":[{"href":"https:\/\/www.sweetmaloryne.com\/boutique\/wp-json\/wp\/v2\/product\/39917","targetHints":{"allow":["GET"]}}],"collection":[{"href":"https:\/\/www.sweetmaloryne.com\/boutique\/wp-json\/wp\/v2\/product"}],"about":[{"href":"https:\/\/www.sweetmaloryne.com\/boutique\/wp-json\/wp\/v2\/types\/product"}],"wp:featuredmedia":[{"embeddable":true,"href":"https:\/\/www.sweetmaloryne.com\/boutique\/wp-json\/wp\/v2\/media\/39925"}],"wp:attachment":[{"href":"https:\/\/www.sweetmaloryne.com\/boutique\/wp-json\/wp\/v2\/media?parent=39917"}],"wp:term":[{"taxonomy":"product_brand","embeddable":true,"href":"https:\/\/www.sweetmaloryne.com\/boutique\/wp-json\/wp\/v2\/product_brand?post=39917"},{"taxonomy":"product_cat","embeddable":true,"href":"https:\/\/www.sweetmaloryne.com\/boutique\/wp-json\/wp\/v2\/product_cat?post=39917"},{"taxonomy":"product_tag","embeddable":true,"href":"https:\/\/www.sweetmaloryne.com\/boutique\/wp-json\/wp\/v2\/product_tag?post=39917"}],"curies":[{"name":"wp","href":"https:\/\/api.w.org\/{rel}","templated":true}]}}