{"id":40189,"date":"2024-11-29T10:06:35","date_gmt":"2024-11-29T09:06:35","guid":{"rendered":"https:\/\/www.sweetmaloryne.com\/boutique\/?post_type=product&#038;p=40189"},"modified":"2026-01-22T15:53:02","modified_gmt":"2026-01-22T14:53:02","slug":"sac-cartable-cuir-de-suede-paulette-22x16x6cm-divers-coloris","status":"publish","type":"product","link":"https:\/\/www.sweetmaloryne.com\/boutique\/produit\/sac-cartable-cuir-de-suede-paulette-22x16x6cm-divers-coloris\/","title":{"rendered":"Sac Cartable Cuir de Su\u00e8de Paulette 22x16x6cm Divers Coloris"},"content":{"rendered":"","protected":false},"excerpt":{"rendered":"<h4 class=\"ak-heading--4 ds-text-primary\" data-v-31657ff4=\"\" data-v-d91b54b3=\"\">Description<\/h4>\n<div data-v-cbba9010=\"\" data-v-d91b54b3=\"\">\n<div class=\"rich-description ds-text-base ds-text-neutral-900 gradient-ellipsis\" data-v-cbba9010=\"\">Le petit sac cartable Paulette, fabriqu\u00e9 en Italie et en cuir su\u00e9d\u00e9, est garni de cuir iris\u00e9.<\/div>\n<div class=\"rich-description ds-text-base ds-text-neutral-900 gradient-ellipsis\" data-v-cbba9010=\"\">Cet accessoire combine \u00e9l\u00e9gance et originalit\u00e9, parfait pour ajouter une touche sophistiqu\u00e9e \u00e0 votre tenue tout en restant pratique et fonctionnel.<\/p>\n<ul>\n<li>Dimension :\u00a0 22 CM X 16 CM X 6 CM<\/li>\n<li>R\u00e9f\u00e9rence : LD007<\/li>\n<li>Mati\u00e8re : Cuir de vachette su\u00e8de<\/li>\n<li>Doublure : textile<\/li>\n<li>Fabriqu\u00e9 en Italie<\/li>\n<\/ul>\n<\/div>\n<\/div>\n","protected":false},"featured_media":40193,"template":"","meta":[],"product_brand":[],"product_cat":[30],"product_tag":[],"class_list":{"0":"post-40189","1":"product","2":"type-product","3":"status-publish","4":"has-post-thumbnail","6":"product_cat-sacs-et-pochettes","7":"pa_couleur-camel-irise","8":"pa_couleur-kaki","9":"description-off","11":"first","12":"instock","13":"shipping-taxable","14":"purchasable","15":"product-type-variable"},"_links":{"self":[{"href":"https:\/\/www.sweetmaloryne.com\/boutique\/wp-json\/wp\/v2\/product\/40189","targetHints":{"allow":["GET"]}}],"collection":[{"href":"https:\/\/www.sweetmaloryne.com\/boutique\/wp-json\/wp\/v2\/product"}],"about":[{"href":"https:\/\/www.sweetmaloryne.com\/boutique\/wp-json\/wp\/v2\/types\/product"}],"wp:featuredmedia":[{"embeddable":true,"href":"https:\/\/www.sweetmaloryne.com\/boutique\/wp-json\/wp\/v2\/media\/40193"}],"wp:attachment":[{"href":"https:\/\/www.sweetmaloryne.com\/boutique\/wp-json\/wp\/v2\/media?parent=40189"}],"wp:term":[{"taxonomy":"product_brand","embeddable":true,"href":"https:\/\/www.sweetmaloryne.com\/boutique\/wp-json\/wp\/v2\/product_brand?post=40189"},{"taxonomy":"product_cat","embeddable":true,"href":"https:\/\/www.sweetmaloryne.com\/boutique\/wp-json\/wp\/v2\/product_cat?post=40189"},{"taxonomy":"product_tag","embeddable":true,"href":"https:\/\/www.sweetmaloryne.com\/boutique\/wp-json\/wp\/v2\/product_tag?post=40189"}],"curies":[{"name":"wp","href":"https:\/\/api.w.org\/{rel}","templated":true}]}}