{"id":4099,"date":"2021-06-15T11:43:55","date_gmt":"2021-06-15T09:43:55","guid":{"rendered":"https:\/\/sweetmaloryne.com\/boutique\/?post_type=product&#038;p=4099"},"modified":"2025-10-10T17:56:30","modified_gmt":"2025-10-10T15:56:30","slug":"bougie-de-cire-parfumee-fruitee-ou-florale-cylindrique-pour-photophores-ou-a-poser-7x7x10cm","status":"publish","type":"product","link":"https:\/\/www.sweetmaloryne.com\/boutique\/produit\/bougie-de-cire-parfumee-fruitee-ou-florale-cylindrique-pour-photophores-ou-a-poser-7x7x10cm\/","title":{"rendered":"Bougie de Cire Jaune Marbr\u00e9 Parfum\u00e9e Citron 7x7x10cm"},"content":{"rendered":"<div class=\"pb-left-column col-xs-12 col-sm-12 col-md-6 two-columns descrip_carac\">\n<h3 class=\"page-product-heading\">Descriptif<\/h3>\n<div class=\"rte\">\n<p><span style=\"font-size: 12pt;\">Bougie cylindrique parfum\u00e9e Citron<\/span><br \/>\n<span style=\"font-size: 12pt;\"> Elles ont une jolie couleur marbr\u00e9e.<\/span><br \/>\n<span style=\"font-size: 12pt;\"> Bonne tenue, elles ne coulent pas.<\/span><\/p>\n<p>Caract\u00e9ristiques<\/p>\n<\/div>\n<\/div>\n<table class=\"table-data-sheet\">\n<tbody>\n<tr class=\"odd\">\n<td>Hauteur ( en cm ):<\/td>\n<td>10<\/td>\n<\/tr>\n<tr class=\"even\">\n<td>Longueur ( en cm ):<\/td>\n<td>7<\/td>\n<\/tr>\n<tr class=\"odd\">\n<td>Largeur ( en cm ):<\/td>\n<td>7<\/td>\n<\/tr>\n<tr class=\"even\">\n<td>Poids ( en kg ):<\/td>\n<td>0,3<\/td>\n<\/tr>\n<tr class=\"odd\">\n<td>Materiaux:<\/td>\n<td>Cire<\/td>\n<\/tr>\n<tr class=\"even\">\n<td>Coloris:<\/td>\n<td>Jaune<\/td>\n<\/tr>\n<\/tbody>\n<\/table>\n","protected":false},"excerpt":{"rendered":"<p><span style=\"font-size: 12pt;\">Illuminez vos <strong>instants de bonheur<\/strong> avec ces bougies cylindriques parfum\u00e9es.<\/span><\/p>\n<p>&nbsp;<\/p>\n<p><span style=\"font-size: 12pt;\">Avec leurs <strong>9 couleurs et senteurs diff\u00e9rentes<\/strong>, ainsi que leur forme intemporelle, vous pourrez <strong>personnaliser<\/strong> avec beaucoup de <strong>charme<\/strong> les diff\u00e9rentes pi\u00e8ces de votre maison. Moul\u00e9es dans <strong>la cire<\/strong>, elles disposent d&rsquo;<strong>une<\/strong> <strong>m\u00e8che pour une flamme<\/strong> de douceur qui laissera s&rsquo;\u00e9chapper un d\u00e9licat <strong>parfum fruit\u00e9 ou floral<\/strong>.\u00a0<\/span><\/p>\n<p>&nbsp;<\/p>\n<p><span style=\"font-size: 12pt;\">Cr\u00e9ez une\u00a0<strong>ambiance chaleureuse<\/strong>, conviviale, ou <strong>romantique<\/strong>\u00a0en installant ces cierges seuls, ou sur diff\u00e9rents supports, tels que des coupelles, des bougeoirs, ou encore dans des pots en verre pour en faire <strong>des photophores<\/strong>. Vous pourrez \u00e9galement installer ces chandelles dans des lanternes afin d&rsquo;apporter une <strong>touche d\u00e9co lumineuse<\/strong> \u00e0 votre terrasse ou votre jardin.<\/span><\/p>\n","protected":false},"featured_media":4098,"template":"","meta":[],"product_brand":[],"product_cat":[32],"product_tag":[],"class_list":{"0":"post-4099","1":"product","2":"type-product","3":"status-publish","4":"has-post-thumbnail","6":"product_cat-bougies","7":"pa_couleur-8c-blanccasse","8":"pa_couleur-e8-fushia","9":"pa_couleur-e9-lilas","10":"pa_couleur-a2-rouge","11":"pa_couleur-c8-taupe","12":"pa_couleur-cb-vert","13":"description-off","15":"first","16":"instock","17":"shipping-taxable","18":"purchasable","19":"product-type-simple"},"_links":{"self":[{"href":"https:\/\/www.sweetmaloryne.com\/boutique\/wp-json\/wp\/v2\/product\/4099","targetHints":{"allow":["GET"]}}],"collection":[{"href":"https:\/\/www.sweetmaloryne.com\/boutique\/wp-json\/wp\/v2\/product"}],"about":[{"href":"https:\/\/www.sweetmaloryne.com\/boutique\/wp-json\/wp\/v2\/types\/product"}],"wp:featuredmedia":[{"embeddable":true,"href":"https:\/\/www.sweetmaloryne.com\/boutique\/wp-json\/wp\/v2\/media\/4098"}],"wp:attachment":[{"href":"https:\/\/www.sweetmaloryne.com\/boutique\/wp-json\/wp\/v2\/media?parent=4099"}],"wp:term":[{"taxonomy":"product_brand","embeddable":true,"href":"https:\/\/www.sweetmaloryne.com\/boutique\/wp-json\/wp\/v2\/product_brand?post=4099"},{"taxonomy":"product_cat","embeddable":true,"href":"https:\/\/www.sweetmaloryne.com\/boutique\/wp-json\/wp\/v2\/product_cat?post=4099"},{"taxonomy":"product_tag","embeddable":true,"href":"https:\/\/www.sweetmaloryne.com\/boutique\/wp-json\/wp\/v2\/product_tag?post=4099"}],"curies":[{"name":"wp","href":"https:\/\/api.w.org\/{rel}","templated":true}]}}