{"id":41374,"date":"2025-01-16T15:51:49","date_gmt":"2025-01-16T14:51:49","guid":{"rendered":"https:\/\/www.sweetmaloryne.com\/boutique\/?post_type=product&#038;p=41374"},"modified":"2025-07-15T15:26:23","modified_gmt":"2025-07-15T13:26:23","slug":"lampe-base-en-bois-rustique-facon-marqueterie-abat-jour-coton-blanc-rectangulaire-l-35xh-51-5xl-18-cm","status":"publish","type":"product","link":"https:\/\/www.sweetmaloryne.com\/boutique\/produit\/lampe-base-en-bois-rustique-facon-marqueterie-abat-jour-coton-blanc-rectangulaire-l-35xh-51-5xl-18-cm\/","title":{"rendered":"Lampe Base en Bois Rustique Fa\u00e7on Marqueterie, Abat-Jour Coton Blanc Rectangulaire L 35xH 51.5xl.18 cm"},"content":{"rendered":"<div class=\"wd-nav-wrapper wd-nav-tabs-wrapper text-center\">\n<ul class=\"wd-nav wd-nav-tabs wd-icon-pos-left tabs wc-tabs wd-style-underline-reverse\" role=\"tablist\">\n<li id=\"tab-title-wd_additional_tab\" class=\"wd_additional_tab_tab\" role=\"tab\" aria-controls=\"tab-wd_additional_tab\" aria-selected=\"false\"><\/li>\n<\/ul>\n<\/div>\n<div class=\"wd-accordion-item\">\n<div id=\"tab-additional_information\" class=\"entry-content woocommerce-Tabs-panel woocommerce-Tabs-panel--additional_information wd-active panel wc-tab wd-single-attrs wd-style-table\" role=\"tabpanel\" aria-labelledby=\"tab-title-additional_information\" data-accordion-index=\"additional_information\">\n<div class=\"wc-tab-inner\">\n<table class=\"woocommerce-product-attributes shop_attributes\">\n<tbody>\n<tr class=\"woocommerce-product-attributes-item woocommerce-product-attributes-item--dimensions\">\n<th class=\"woocommerce-product-attributes-item__label\"><span class=\"wd-attr-name\"> <span class=\"wd-attr-name-label\"> Dimensions <\/span> <\/span><\/th>\n<td class=\"woocommerce-product-attributes-item__value\"><span class=\"wd-attr-term\"> 35 \u00d7 18 \u00d7 51 <\/span> , <span class=\"wd-attr-term\"> 50 cm <\/span><\/td>\n<\/tr>\n<tr class=\"woocommerce-product-attributes-item woocommerce-product-attributes-item--attribute_pa_brand\">\n<th class=\"woocommerce-product-attributes-item__label\"><span class=\"wd-attr-name\"> <span class=\"wd-attr-name-label\"> Design <\/span> <\/span><\/th>\n<td class=\"woocommerce-product-attributes-item__value\"><span class=\"wd-attr-term\"> Pure &amp; Light <\/span><\/td>\n<\/tr>\n<tr class=\"woocommerce-product-attributes-item woocommerce-product-attributes-item--attribute_pa_color\">\n<th class=\"woocommerce-product-attributes-item__label\"><span class=\"wd-attr-name\"> <span class=\"wd-attr-name-label\"> Coloris <\/span> <\/span><\/th>\n<td class=\"woocommerce-product-attributes-item__value\"><span class=\"wd-attr-term\"> Blanc <\/span> , <span class=\"wd-attr-term\"> Marron <\/span><\/td>\n<\/tr>\n<tr class=\"woocommerce-product-attributes-item woocommerce-product-attributes-item--attribute_pa_matiere\">\n<th class=\"woocommerce-product-attributes-item__label\"><span class=\"wd-attr-name\"> <span class=\"wd-attr-name-label\"> Mati\u00e8re <\/span> <\/span><\/th>\n<td class=\"woocommerce-product-attributes-item__value\"><span class=\"wd-attr-term\"> Bois <\/span> , <span class=\"wd-attr-term\"> Coton <\/span><\/td>\n<\/tr>\n<tr class=\"woocommerce-product-attributes-item woocommerce-product-attributes-item--attribute_pa_puissance\">\n<th class=\"woocommerce-product-attributes-item__label\"><span class=\"wd-attr-name\"> <span class=\"wd-attr-name-label\"> Puissance <\/span> <\/span><\/th>\n<td class=\"woocommerce-product-attributes-item__value\"><span class=\"wd-attr-term\"> Max 60w 220-240V \u2013 50Hz <\/span><\/td>\n<\/tr>\n<tr class=\"woocommerce-product-attributes-item woocommerce-product-attributes-item--attribute_pa_type-de-culot\">\n<th class=\"woocommerce-product-attributes-item__label\"><span class=\"wd-attr-name\"> <span class=\"wd-attr-name-label\"> Type de culot <\/span> <\/span><\/th>\n<td class=\"woocommerce-product-attributes-item__value\"><span class=\"wd-attr-term\"> E27 <\/span><\/td>\n<\/tr>\n<\/tbody>\n<\/table>\n<\/div>\n<\/div>\n<\/div>\n","protected":false},"excerpt":{"rendered":"<p>Dimensions 35 \u00d7 18 \u00d7 51 , 50 cm Design Pure &amp; Light Coloris Blanc , Marron Mati\u00e8re Bois , Coton Puissance Max 60w 220-240V \u2013 50Hz Type de culot E27<\/p>\n","protected":false},"featured_media":41301,"template":"","meta":[],"product_brand":[],"product_cat":[63,39],"product_tag":[],"class_list":{"0":"post-41374","1":"product","2":"type-product","3":"status-publish","4":"has-post-thumbnail","6":"product_cat-lampes-a-poser","7":"product_cat-luminaires","8":"description-off","10":"first","11":"instock","12":"shipping-taxable","13":"purchasable","14":"product-type-simple"},"_links":{"self":[{"href":"https:\/\/www.sweetmaloryne.com\/boutique\/wp-json\/wp\/v2\/product\/41374","targetHints":{"allow":["GET"]}}],"collection":[{"href":"https:\/\/www.sweetmaloryne.com\/boutique\/wp-json\/wp\/v2\/product"}],"about":[{"href":"https:\/\/www.sweetmaloryne.com\/boutique\/wp-json\/wp\/v2\/types\/product"}],"wp:featuredmedia":[{"embeddable":true,"href":"https:\/\/www.sweetmaloryne.com\/boutique\/wp-json\/wp\/v2\/media\/41301"}],"wp:attachment":[{"href":"https:\/\/www.sweetmaloryne.com\/boutique\/wp-json\/wp\/v2\/media?parent=41374"}],"wp:term":[{"taxonomy":"product_brand","embeddable":true,"href":"https:\/\/www.sweetmaloryne.com\/boutique\/wp-json\/wp\/v2\/product_brand?post=41374"},{"taxonomy":"product_cat","embeddable":true,"href":"https:\/\/www.sweetmaloryne.com\/boutique\/wp-json\/wp\/v2\/product_cat?post=41374"},{"taxonomy":"product_tag","embeddable":true,"href":"https:\/\/www.sweetmaloryne.com\/boutique\/wp-json\/wp\/v2\/product_tag?post=41374"}],"curies":[{"name":"wp","href":"https:\/\/api.w.org\/{rel}","templated":true}]}}