{"id":41423,"date":"2025-01-17T10:59:50","date_gmt":"2025-01-17T09:59:50","guid":{"rendered":"https:\/\/www.sweetmaloryne.com\/boutique\/?post_type=product&#038;p=41423"},"modified":"2026-01-27T10:40:59","modified_gmt":"2026-01-27T09:40:59","slug":"photophore-en-verre-argente-aspect-bossele-bordure-fourrure-synthetique-grise-et-tete-de-cerf-en-metal-argente-10x12x10cm","status":"publish","type":"product","link":"https:\/\/www.sweetmaloryne.com\/boutique\/produit\/photophore-en-verre-argente-aspect-bossele-bordure-fourrure-synthetique-grise-et-tete-de-cerf-en-metal-argente-10x12x10cm\/","title":{"rendered":"Photophore en Verre Argent\u00e9 Aspect Bossel\u00e9 Bordure Fourrure Synth\u00e9tique Grise et T\u00eate de Cerf en M\u00e9tal Argent\u00e9 10x12x10cm"},"content":{"rendered":"","protected":false},"excerpt":{"rendered":"","protected":false},"featured_media":41352,"template":"","meta":[],"product_brand":[],"product_cat":[19,45,39],"product_tag":[],"class_list":{"0":"post-41423","1":"product","2":"type-product","3":"status-publish","4":"has-post-thumbnail","6":"product_cat-decoration","7":"product_cat-lanternes-photophores","8":"product_cat-luminaires","9":"description-off","11":"first","12":"instock","13":"shipping-taxable","14":"purchasable","15":"product-type-simple"},"_links":{"self":[{"href":"https:\/\/www.sweetmaloryne.com\/boutique\/wp-json\/wp\/v2\/product\/41423","targetHints":{"allow":["GET"]}}],"collection":[{"href":"https:\/\/www.sweetmaloryne.com\/boutique\/wp-json\/wp\/v2\/product"}],"about":[{"href":"https:\/\/www.sweetmaloryne.com\/boutique\/wp-json\/wp\/v2\/types\/product"}],"wp:featuredmedia":[{"embeddable":true,"href":"https:\/\/www.sweetmaloryne.com\/boutique\/wp-json\/wp\/v2\/media\/41352"}],"wp:attachment":[{"href":"https:\/\/www.sweetmaloryne.com\/boutique\/wp-json\/wp\/v2\/media?parent=41423"}],"wp:term":[{"taxonomy":"product_brand","embeddable":true,"href":"https:\/\/www.sweetmaloryne.com\/boutique\/wp-json\/wp\/v2\/product_brand?post=41423"},{"taxonomy":"product_cat","embeddable":true,"href":"https:\/\/www.sweetmaloryne.com\/boutique\/wp-json\/wp\/v2\/product_cat?post=41423"},{"taxonomy":"product_tag","embeddable":true,"href":"https:\/\/www.sweetmaloryne.com\/boutique\/wp-json\/wp\/v2\/product_tag?post=41423"}],"curies":[{"name":"wp","href":"https:\/\/api.w.org\/{rel}","templated":true}]}}