{"id":41428,"date":"2025-01-17T11:15:27","date_gmt":"2025-01-17T10:15:27","guid":{"rendered":"https:\/\/www.sweetmaloryne.com\/boutique\/?post_type=product&#038;p=41428"},"modified":"2025-05-20T10:38:45","modified_gmt":"2025-05-20T08:38:45","slug":"miroir-rond-metal-argente-avec-poignee-a-poser-ou-a-accrocher-16x355cm","status":"publish","type":"product","link":"https:\/\/www.sweetmaloryne.com\/boutique\/produit\/miroir-rond-metal-argente-avec-poignee-a-poser-ou-a-accrocher-16x355cm\/","title":{"rendered":"Miroir Rond M\u00e9tal Argent\u00e9 avec Poign\u00e9e \u00e0 Poser ou \u00e0 Accrocher 16&#215;35,5cm"},"content":{"rendered":"","protected":false},"excerpt":{"rendered":"","protected":false},"featured_media":41360,"template":"","meta":[],"product_brand":[],"product_cat":[656,60,59],"product_tag":[],"class_list":{"0":"post-41428","1":"product","2":"type-product","3":"status-publish","4":"has-post-thumbnail","6":"product_cat-miroir-mural","7":"product_cat-miroirs","8":"product_cat-miroirs-a-poser","9":"description-off","11":"first","12":"instock","13":"shipping-taxable","14":"purchasable","15":"product-type-simple"},"_links":{"self":[{"href":"https:\/\/www.sweetmaloryne.com\/boutique\/wp-json\/wp\/v2\/product\/41428","targetHints":{"allow":["GET"]}}],"collection":[{"href":"https:\/\/www.sweetmaloryne.com\/boutique\/wp-json\/wp\/v2\/product"}],"about":[{"href":"https:\/\/www.sweetmaloryne.com\/boutique\/wp-json\/wp\/v2\/types\/product"}],"wp:featuredmedia":[{"embeddable":true,"href":"https:\/\/www.sweetmaloryne.com\/boutique\/wp-json\/wp\/v2\/media\/41360"}],"wp:attachment":[{"href":"https:\/\/www.sweetmaloryne.com\/boutique\/wp-json\/wp\/v2\/media?parent=41428"}],"wp:term":[{"taxonomy":"product_brand","embeddable":true,"href":"https:\/\/www.sweetmaloryne.com\/boutique\/wp-json\/wp\/v2\/product_brand?post=41428"},{"taxonomy":"product_cat","embeddable":true,"href":"https:\/\/www.sweetmaloryne.com\/boutique\/wp-json\/wp\/v2\/product_cat?post=41428"},{"taxonomy":"product_tag","embeddable":true,"href":"https:\/\/www.sweetmaloryne.com\/boutique\/wp-json\/wp\/v2\/product_tag?post=41428"}],"curies":[{"name":"wp","href":"https:\/\/api.w.org\/{rel}","templated":true}]}}