{"id":41429,"date":"2025-01-17T11:19:12","date_gmt":"2025-01-17T10:19:12","guid":{"rendered":"https:\/\/www.sweetmaloryne.com\/boutique\/?post_type=product&#038;p=41429"},"modified":"2025-06-19T17:34:40","modified_gmt":"2025-06-19T15:34:40","slug":"lampe-metal-gris-et-dore-e27-23x24xh-44cm","status":"publish","type":"product","link":"https:\/\/www.sweetmaloryne.com\/boutique\/produit\/lampe-metal-gris-et-dore-e27-23x24xh-44cm\/","title":{"rendered":"Lampe M\u00e9tal Gris et Dor\u00e9 E27 23x24xH.44cm"},"content":{"rendered":"<table class=\"woocommerce-product-attributes shop_attributes\">\n<tbody>\n<tr class=\"woocommerce-product-attributes-item woocommerce-product-attributes-item--dimensions\">\n<th class=\"woocommerce-product-attributes-item__label\"><span class=\"wd-attr-name\"><span class=\"wd-attr-name-label\">Dimensions <\/span> <\/span><\/th>\n<td class=\"woocommerce-product-attributes-item__value\"><span class=\"wd-attr-term\"> 23 \u00d7 24 \u00d7 44 cm <\/span><\/td>\n<\/tr>\n<tr class=\"woocommerce-product-attributes-item woocommerce-product-attributes-item--attribute_pa_brand\">\n<th class=\"woocommerce-product-attributes-item__label\"><span class=\"wd-attr-name\"> <span class=\"wd-attr-name-label\"> Design <\/span> <\/span><\/th>\n<td class=\"woocommerce-product-attributes-item__value\"><span class=\"wd-attr-term\"> Pure &amp; Light <\/span><\/td>\n<\/tr>\n<tr class=\"woocommerce-product-attributes-item woocommerce-product-attributes-item--attribute_pa_color\">\n<th class=\"woocommerce-product-attributes-item__label\"><span class=\"wd-attr-name\"> <span class=\"wd-attr-name-label\"> Coloris <\/span> <\/span><\/th>\n<td class=\"woocommerce-product-attributes-item__value\"><span class=\"wd-attr-term\"> Dor\u00e9 <\/span> , <span class=\"wd-attr-term\"> Noir <\/span><\/td>\n<\/tr>\n<tr class=\"woocommerce-product-attributes-item woocommerce-product-attributes-item--attribute_pa_matiere\">\n<th class=\"woocommerce-product-attributes-item__label\"><span class=\"wd-attr-name\"> <span class=\"wd-attr-name-label\"> Mati\u00e8re <\/span> <\/span><\/th>\n<td class=\"woocommerce-product-attributes-item__value\"><span class=\"wd-attr-term\"> M\u00e9tal <\/span><\/td>\n<\/tr>\n<tr class=\"woocommerce-product-attributes-item woocommerce-product-attributes-item--attribute_pa_puissance\">\n<th class=\"woocommerce-product-attributes-item__label\"><span class=\"wd-attr-name\"> <span class=\"wd-attr-name-label\"> Puissance <\/span> <\/span><\/th>\n<td class=\"woocommerce-product-attributes-item__value\"><span class=\"wd-attr-term\"> Max 40W \u2013 220-240V \u2013 50Hz <\/span><\/td>\n<\/tr>\n<tr class=\"woocommerce-product-attributes-item woocommerce-product-attributes-item--attribute_pa_type-de-culot\">\n<th class=\"woocommerce-product-attributes-item__label\"><span class=\"wd-attr-name\"> <span class=\"wd-attr-name-label\"> Type de culot <\/span> <\/span><\/th>\n<td class=\"woocommerce-product-attributes-item__value\"><span class=\"wd-attr-term\"> E27 <\/span><\/td>\n<\/tr>\n<\/tbody>\n<\/table>\n","protected":false},"excerpt":{"rendered":"<p>Dimensions 23 \u00d7 24 \u00d7 44 cm Design Pure &amp; Light Coloris Dor\u00e9 , Noir Mati\u00e8re M\u00e9tal Puissance Max 40W \u2013 220-240V \u2013 50Hz Type de culot E27<\/p>\n","protected":false},"featured_media":41365,"template":"","meta":[],"product_brand":[],"product_cat":[63,39],"product_tag":[],"class_list":{"0":"post-41429","1":"product","2":"type-product","3":"status-publish","4":"has-post-thumbnail","6":"product_cat-lampes-a-poser","7":"product_cat-luminaires","8":"description-off","10":"first","11":"instock","12":"shipping-taxable","13":"purchasable","14":"product-type-simple"},"_links":{"self":[{"href":"https:\/\/www.sweetmaloryne.com\/boutique\/wp-json\/wp\/v2\/product\/41429","targetHints":{"allow":["GET"]}}],"collection":[{"href":"https:\/\/www.sweetmaloryne.com\/boutique\/wp-json\/wp\/v2\/product"}],"about":[{"href":"https:\/\/www.sweetmaloryne.com\/boutique\/wp-json\/wp\/v2\/types\/product"}],"wp:featuredmedia":[{"embeddable":true,"href":"https:\/\/www.sweetmaloryne.com\/boutique\/wp-json\/wp\/v2\/media\/41365"}],"wp:attachment":[{"href":"https:\/\/www.sweetmaloryne.com\/boutique\/wp-json\/wp\/v2\/media?parent=41429"}],"wp:term":[{"taxonomy":"product_brand","embeddable":true,"href":"https:\/\/www.sweetmaloryne.com\/boutique\/wp-json\/wp\/v2\/product_brand?post=41429"},{"taxonomy":"product_cat","embeddable":true,"href":"https:\/\/www.sweetmaloryne.com\/boutique\/wp-json\/wp\/v2\/product_cat?post=41429"},{"taxonomy":"product_tag","embeddable":true,"href":"https:\/\/www.sweetmaloryne.com\/boutique\/wp-json\/wp\/v2\/product_tag?post=41429"}],"curies":[{"name":"wp","href":"https:\/\/api.w.org\/{rel}","templated":true}]}}