{"id":41636,"date":"2025-01-18T14:35:55","date_gmt":"2025-01-18T13:35:55","guid":{"rendered":"https:\/\/www.sweetmaloryne.com\/boutique\/?post_type=product&#038;p=41636"},"modified":"2026-01-01T11:04:53","modified_gmt":"2026-01-01T10:04:53","slug":"bruleur-dencens-a-refoulement-reflux-backflow-main-mantra","status":"publish","type":"product","link":"https:\/\/www.sweetmaloryne.com\/boutique\/produit\/bruleur-dencens-a-refoulement-reflux-backflow-main-mantra\/","title":{"rendered":"Br\u00fbleur d&rsquo;Encens \u00e0 Refoulement Reflux Backflow &#8211; Main Mantra"},"content":{"rendered":"<table id=\"product-attribute-specs-table\" class=\"data table additional-attributes\">\n<tbody>\n<tr>\n<th class=\"col label\" scope=\"row\">Dimensions<\/th>\n<td class=\"col data\" data-th=\"Dimensions\">Hauteur 11.5cm Largeur 6cm Profondeur 6cm<\/td>\n<\/tr>\n<\/tbody>\n<\/table>\n","protected":false},"excerpt":{"rendered":"<h4 class=\"text-puckpurple text-[18px] border-solid border-0 border-b-[1px] border-b-[#cac9ca] pb-4\">Description du Produit<\/h4>\n<div>\n<p>Br\u00fbleur d&rsquo;Encens \u00e0 Refoulement Reflux Backflow &#8211; Main Mantra<\/p>\n<p><strong>Fiche Technique:<\/strong><\/p>\n<ul>\n<li><strong>Composition:<\/strong> R\u00e9sine et M\u00e9tal<\/li>\n<li><strong>A utiliser avec: <\/strong>C\u00f4nes \u00e0 reflux<\/li>\n<li><strong>Temps de Combustion Approximatif:<\/strong> 30 Minutes<\/li>\n<li><strong>Information(s) Additionnelle(s):<\/strong> Les br\u00fbleurs d&rsquo;encens \u00e0 reflux ou refoulement provoquent un effet de cascade de fum\u00e9e. Une fois l&rsquo;encens en cours d&rsquo;utilisation, il se peut que celui-ci laisse un r\u00e9sidu clair sur la coupelle. Ce r\u00e9sidu est caus\u00e9 par le s\u00e9diment solidifi\u00e9 de l&rsquo;huile naturelle, ce qui est une r\u00e9action normale. Nettoyez votre br\u00fbleur \u00e0 l&rsquo;aide d&rsquo;une serviette humide. Assurez-vous de ne pas laisser le br\u00fbleur sans surveillance lorsque celui-ci est en cours d&rsquo;utilisation et veillez \u00e0 ce que ce produit soit plac\u00e9 sur une surface r\u00e9sistante \u00e0 la chaleur.<\/li>\n<\/ul>\n<\/div>\n","protected":false},"featured_media":41442,"template":"","meta":[],"product_brand":[],"product_cat":[22,829,20,825],"product_tag":[],"class_list":{"0":"post-41636","1":"product","2":"type-product","3":"status-publish","4":"has-post-thumbnail","6":"product_cat-destockage","7":"product_cat-encens","8":"product_cat-lifestyle","9":"product_cat-parfum-dinterieur","10":"description-off","12":"first","13":"instock","14":"sale","15":"shipping-taxable","16":"purchasable","17":"product-type-simple"},"_links":{"self":[{"href":"https:\/\/www.sweetmaloryne.com\/boutique\/wp-json\/wp\/v2\/product\/41636","targetHints":{"allow":["GET"]}}],"collection":[{"href":"https:\/\/www.sweetmaloryne.com\/boutique\/wp-json\/wp\/v2\/product"}],"about":[{"href":"https:\/\/www.sweetmaloryne.com\/boutique\/wp-json\/wp\/v2\/types\/product"}],"wp:featuredmedia":[{"embeddable":true,"href":"https:\/\/www.sweetmaloryne.com\/boutique\/wp-json\/wp\/v2\/media\/41442"}],"wp:attachment":[{"href":"https:\/\/www.sweetmaloryne.com\/boutique\/wp-json\/wp\/v2\/media?parent=41636"}],"wp:term":[{"taxonomy":"product_brand","embeddable":true,"href":"https:\/\/www.sweetmaloryne.com\/boutique\/wp-json\/wp\/v2\/product_brand?post=41636"},{"taxonomy":"product_cat","embeddable":true,"href":"https:\/\/www.sweetmaloryne.com\/boutique\/wp-json\/wp\/v2\/product_cat?post=41636"},{"taxonomy":"product_tag","embeddable":true,"href":"https:\/\/www.sweetmaloryne.com\/boutique\/wp-json\/wp\/v2\/product_tag?post=41636"}],"curies":[{"name":"wp","href":"https:\/\/api.w.org\/{rel}","templated":true}]}}