{"id":41641,"date":"2025-01-18T14:50:58","date_gmt":"2025-01-18T13:50:58","guid":{"rendered":"https:\/\/www.sweetmaloryne.com\/boutique\/?post_type=product&#038;p=41641"},"modified":"2025-05-20T10:40:09","modified_gmt":"2025-05-20T08:40:09","slug":"ensemble-bombe-et-sels-de-bain-aux-fleurs-sauge-sauvage-genevrier","status":"publish","type":"product","link":"https:\/\/www.sweetmaloryne.com\/boutique\/produit\/ensemble-bombe-et-sels-de-bain-aux-fleurs-sauge-sauvage-genevrier\/","title":{"rendered":"Ensemble Bombe et Sels de Bain aux fleurs &#8211; Sauge sauvage &#038; Gen\u00e9vrier"},"content":{"rendered":"<table id=\"product-attribute-specs-table\" class=\"data table additional-attributes\">\n<tbody>\n<tr>\n<th class=\"col label\" scope=\"row\">Dimensions<\/th>\n<td class=\"col data\" data-th=\"Dimensions\">Hauteur 6.5cm Largeur 6cm Profondeur 6cm<\/td>\n<\/tr>\n<\/tbody>\n<\/table>\n","protected":false},"excerpt":{"rendered":"<h4 class=\"text-puckpurple text-[18px] border-solid border-0 border-b-[1px] border-b-[#cac9ca] pb-4\">Description du Produit<\/h4>\n<div>\n<p>Ensemble cadeau Bombe et Sels de Bain aux fleurs &#8211; Sauge sauvage &amp; Gen\u00e9vrier<\/p>\n<p><strong>Fiche Technique:<\/strong><\/p>\n<ul>\n<li><strong>Composition :<\/strong> Sels Naturels, Huiles Essentielles, Sels de L&rsquo;Himalaya et Fleurs de Lavande<\/li>\n<li><strong> Ingredients:<\/strong> Liste compl\u00e8te des ingr\u00e9dients et allerg\u00e8nes sur l&#8217;emballage.<\/li>\n<li><strong>Quantit\u00e9:<\/strong> 1 Bombe de Bain, entour\u00e9e de sels et de fleurs.<\/li>\n<li><strong>Poids de la Bombe de Bain:<\/strong> 140g Approx<\/li>\n<li><strong>Poids de Sels :<\/strong> 50g Approx<\/li>\n<li><strong>Poids des fleurs:<\/strong> 5g Approx<\/li>\n<li><strong>Vegan:<\/strong> Oui<\/li>\n<li><strong>Sans Huile de Palme:<\/strong> Oui<\/li>\n<li><strong>Sans Gluten :<\/strong> Oui<\/li>\n<li><strong>Sans Cruaut\u00e9:<\/strong> Oui<\/li>\n<li><strong> Information: <\/strong> Nos Nombes de Bain sont fabriqu\u00e9es au Royaume Uni. Le lot et la date limite sont indiqu\u00e9s sur l&#8217;emballage. Profitez d&rsquo;une exp\u00e9rience relaxante avec cette bombe de bain entour\u00e9e de sels de l&rsquo;Himalaya et de fleurs.<\/li>\n<li><strong>CPNP:<\/strong> UKCP TBC\/EU TBC<\/li>\n<\/ul>\n<\/div>\n","protected":false},"featured_media":41455,"template":"","meta":[],"product_brand":[],"product_cat":[838,20],"product_tag":[],"class_list":{"0":"post-41641","1":"product","2":"type-product","3":"status-publish","4":"has-post-thumbnail","6":"product_cat-boule-de-bain","7":"product_cat-lifestyle","8":"description-off","10":"first","11":"instock","12":"shipping-taxable","13":"purchasable","14":"product-type-simple"},"_links":{"self":[{"href":"https:\/\/www.sweetmaloryne.com\/boutique\/wp-json\/wp\/v2\/product\/41641","targetHints":{"allow":["GET"]}}],"collection":[{"href":"https:\/\/www.sweetmaloryne.com\/boutique\/wp-json\/wp\/v2\/product"}],"about":[{"href":"https:\/\/www.sweetmaloryne.com\/boutique\/wp-json\/wp\/v2\/types\/product"}],"wp:featuredmedia":[{"embeddable":true,"href":"https:\/\/www.sweetmaloryne.com\/boutique\/wp-json\/wp\/v2\/media\/41455"}],"wp:attachment":[{"href":"https:\/\/www.sweetmaloryne.com\/boutique\/wp-json\/wp\/v2\/media?parent=41641"}],"wp:term":[{"taxonomy":"product_brand","embeddable":true,"href":"https:\/\/www.sweetmaloryne.com\/boutique\/wp-json\/wp\/v2\/product_brand?post=41641"},{"taxonomy":"product_cat","embeddable":true,"href":"https:\/\/www.sweetmaloryne.com\/boutique\/wp-json\/wp\/v2\/product_cat?post=41641"},{"taxonomy":"product_tag","embeddable":true,"href":"https:\/\/www.sweetmaloryne.com\/boutique\/wp-json\/wp\/v2\/product_tag?post=41641"}],"curies":[{"name":"wp","href":"https:\/\/api.w.org\/{rel}","templated":true}]}}