{"id":41649,"date":"2025-01-18T15:11:33","date_gmt":"2025-01-18T14:11:33","guid":{"rendered":"https:\/\/www.sweetmaloryne.com\/boutique\/?post_type=product&#038;p=41649"},"modified":"2026-01-27T17:11:07","modified_gmt":"2026-01-27T16:11:07","slug":"bruleur-dencens-a-refoulement-reflux-backflow-en-bois-de-manguier-jardin-de-fleurs","status":"publish","type":"product","link":"https:\/\/www.sweetmaloryne.com\/boutique\/produit\/bruleur-dencens-a-refoulement-reflux-backflow-en-bois-de-manguier-jardin-de-fleurs\/","title":{"rendered":"Br\u00fbleur d&rsquo;Encens \u00e0 Refoulement Reflux Backflow en Bois de Manguier &#8211; Jardin de Fleurs"},"content":{"rendered":"<table id=\"product-attribute-specs-table\" class=\"data table additional-attributes\">\n<tbody>\n<tr>\n<th class=\"col label\" scope=\"row\">Dimensions<\/th>\n<td class=\"col data\" data-th=\"Dimensions\">Hauteur 12cm Largeur 10cm Profondeur 14cm<\/td>\n<\/tr>\n<\/tbody>\n<\/table>\n","protected":false},"excerpt":{"rendered":"<h4 class=\"text-puckpurple text-[18px] border-solid border-0 border-b-[1px] border-b-[#cac9ca] pb-4\">Description du Produit<\/h4>\n<div>\n<p>Br\u00fbleur d&rsquo;Encens \u00e0 Refoulement Reflux Backflow en Bois de Manguier &#8211; Jardin de Fleurs<\/p>\n<p><strong>Fiche Technique:<\/strong><\/p>\n<ul>\n<li><strong>Composition:<\/strong> Bois de Manguier et M\u00e9tal<\/li>\n<li><strong>A utiliser avec:<\/strong> C\u00f4nes d&rsquo;encens \u00e0 refoulement uniquement<\/li>\n<li><strong>C\u00f4nes Inclus:<\/strong> Non<\/li>\n<li><strong>Temps Approximatif de Combustion:<\/strong> 30 Minutes<\/li>\n<li><strong>Information(s) Additionnelle(s):<\/strong> \u00a0Les br\u00fbleurs \u00e0 reflux provoquent un effet de cascade de par la fum\u00e9e g\u00e9n\u00e9r\u00e9e par le c\u00f4ne d&rsquo;encens. Veillez \u00e0 ce que ce produit soit plac\u00e9 sur une surface r\u00e9sistante \u00e0 la chaleur. Une fois l&rsquo;encens utilis\u00e9, il se peut que celui-ci laisse un r\u00e9sidu clair sur la coupelle. Ce r\u00e9sidu est caus\u00e9 par le s\u00e9diment solidifi\u00e9 de l&rsquo;huile naturelle, ce qui est une r\u00e9action normale. Nettoyez votre br\u00fbleur \u00e0 l&rsquo;aide d&rsquo;une serviette humide. Assurez-vous de ne pas laisser le br\u00fbleur sans surveillance lorsque celui-ci est en cours d&rsquo;utilisation.<\/li>\n<\/ul>\n<\/div>\n","protected":false},"featured_media":41464,"template":"","meta":[],"product_brand":[],"product_cat":[22,829,20,825],"product_tag":[],"class_list":{"0":"post-41649","1":"product","2":"type-product","3":"status-publish","4":"has-post-thumbnail","6":"product_cat-destockage","7":"product_cat-encens","8":"product_cat-lifestyle","9":"product_cat-parfum-dinterieur","10":"description-off","12":"first","13":"instock","14":"sale","15":"shipping-taxable","16":"purchasable","17":"product-type-simple"},"_links":{"self":[{"href":"https:\/\/www.sweetmaloryne.com\/boutique\/wp-json\/wp\/v2\/product\/41649","targetHints":{"allow":["GET"]}}],"collection":[{"href":"https:\/\/www.sweetmaloryne.com\/boutique\/wp-json\/wp\/v2\/product"}],"about":[{"href":"https:\/\/www.sweetmaloryne.com\/boutique\/wp-json\/wp\/v2\/types\/product"}],"wp:featuredmedia":[{"embeddable":true,"href":"https:\/\/www.sweetmaloryne.com\/boutique\/wp-json\/wp\/v2\/media\/41464"}],"wp:attachment":[{"href":"https:\/\/www.sweetmaloryne.com\/boutique\/wp-json\/wp\/v2\/media?parent=41649"}],"wp:term":[{"taxonomy":"product_brand","embeddable":true,"href":"https:\/\/www.sweetmaloryne.com\/boutique\/wp-json\/wp\/v2\/product_brand?post=41649"},{"taxonomy":"product_cat","embeddable":true,"href":"https:\/\/www.sweetmaloryne.com\/boutique\/wp-json\/wp\/v2\/product_cat?post=41649"},{"taxonomy":"product_tag","embeddable":true,"href":"https:\/\/www.sweetmaloryne.com\/boutique\/wp-json\/wp\/v2\/product_tag?post=41649"}],"curies":[{"name":"wp","href":"https:\/\/api.w.org\/{rel}","templated":true}]}}