{"id":41651,"date":"2025-01-18T15:33:50","date_gmt":"2025-01-18T14:33:50","guid":{"rendered":"https:\/\/www.sweetmaloryne.com\/boutique\/?post_type=product&#038;p=41651"},"modified":"2026-03-18T10:48:43","modified_gmt":"2026-03-18T09:48:43","slug":"baton-dencens-stamford-premium-hex-24cm-senteurs-au-choix","status":"publish","type":"product","link":"https:\/\/www.sweetmaloryne.com\/boutique\/produit\/baton-dencens-stamford-premium-hex-24cm-senteurs-au-choix\/","title":{"rendered":"B\u00e2tons d&rsquo;Encens \u00ab\u00a0Stamford Premium Hex\u00a0\u00bb 24cm, Senteurs au Choix"},"content":{"rendered":"","protected":false},"excerpt":{"rendered":"<ul>\n<li><strong>Composition:<\/strong> B\u00e2tons d&rsquo;encens de qualit\u00e9 roul\u00e9s \u00e0 la main et fabriqu\u00e9s \u00e0 base de r\u00e9sine et de plante.<\/li>\n<li><strong>Nombre approximatif de b\u00e2tons par paquet:<\/strong> 20 b\u00e2tons<\/li>\n<li><strong>Dur\u00e9e de combustion approximative:<\/strong> 30 Minutes<\/li>\n<\/ul>\n","protected":false},"featured_media":41475,"template":"","meta":[],"product_brand":[],"product_cat":[22,829,20,825],"product_tag":[],"class_list":{"0":"post-41651","1":"product","2":"type-product","3":"status-publish","4":"has-post-thumbnail","6":"product_cat-destockage","7":"product_cat-encens","8":"product_cat-lifestyle","9":"product_cat-parfum-dinterieur","10":"description-off","12":"first","13":"instock","14":"shipping-taxable","15":"purchasable","16":"product-type-variable"},"_links":{"self":[{"href":"https:\/\/www.sweetmaloryne.com\/boutique\/wp-json\/wp\/v2\/product\/41651","targetHints":{"allow":["GET"]}}],"collection":[{"href":"https:\/\/www.sweetmaloryne.com\/boutique\/wp-json\/wp\/v2\/product"}],"about":[{"href":"https:\/\/www.sweetmaloryne.com\/boutique\/wp-json\/wp\/v2\/types\/product"}],"wp:featuredmedia":[{"embeddable":true,"href":"https:\/\/www.sweetmaloryne.com\/boutique\/wp-json\/wp\/v2\/media\/41475"}],"wp:attachment":[{"href":"https:\/\/www.sweetmaloryne.com\/boutique\/wp-json\/wp\/v2\/media?parent=41651"}],"wp:term":[{"taxonomy":"product_brand","embeddable":true,"href":"https:\/\/www.sweetmaloryne.com\/boutique\/wp-json\/wp\/v2\/product_brand?post=41651"},{"taxonomy":"product_cat","embeddable":true,"href":"https:\/\/www.sweetmaloryne.com\/boutique\/wp-json\/wp\/v2\/product_cat?post=41651"},{"taxonomy":"product_tag","embeddable":true,"href":"https:\/\/www.sweetmaloryne.com\/boutique\/wp-json\/wp\/v2\/product_tag?post=41651"}],"curies":[{"name":"wp","href":"https:\/\/api.w.org\/{rel}","templated":true}]}}