{"id":41663,"date":"2025-01-18T15:44:43","date_gmt":"2025-01-18T14:44:43","guid":{"rendered":"https:\/\/www.sweetmaloryne.com\/boutique\/?post_type=product&#038;p=41663"},"modified":"2026-01-07T15:57:17","modified_gmt":"2026-01-07T14:57:17","slug":"cones-dencens-backflow-stamford-senteurs-au-choix","status":"publish","type":"product","link":"https:\/\/www.sweetmaloryne.com\/boutique\/produit\/cones-dencens-backflow-stamford-senteurs-au-choix\/","title":{"rendered":"C\u00f4nes d&rsquo;Encens \u00ab\u00a0Backflow Stamford\u00a0\u00bb Senteurs au Choix"},"content":{"rendered":"<div class=\"product attribute product-view-description\">\n<div>\n<p><img decoding=\"async\" src=\"https:\/\/www.puckator.fr\/media\/wysiwyg\/Symbols\/CRUELTYFREE.jpg\" alt=\"Cruelty Free Packaging Symbol|Puckator\" width=\"100\" height=\"100\" \/><img decoding=\"async\" src=\"https:\/\/www.puckator.fr\/media\/wysiwyg\/Symbols\/VEGAN.jpg\" alt=\"Vegan Packaging Symbol|Puckator\" width=\"100\" height=\"100\" \/><\/p>\n<\/div>\n<table id=\"product-attribute-specs-table\" class=\"data table additional-attributes\">\n<tbody>\n<tr>\n<th class=\"col label\" scope=\"row\">Dimensions<\/th>\n<td class=\"col data\" data-th=\"Dimensions\">Hauteur 4cm Largeur 1cm Profondeur 1cm<\/td>\n<\/tr>\n<\/tbody>\n<\/table>\n<\/div>\n<div>\n<h4 class=\"text-puckpurple text-[18px] border-solid border-0 border-b-[1px] border-b-[#cac9ca] pb-4 mb-0\"><\/h4>\n<\/div>\n","protected":false},"excerpt":{"rendered":"<h4 class=\"text-puckpurple text-[18px] border-solid border-0 border-b-[1px] border-b-[#cac9ca] pb-4\">Description du Produit<\/h4>\n<div>\n<p>C\u00f4nes d&rsquo;Encens Backflow Stamford &#8211; Sauge Blanche de Californie 37421<\/p>\n<p><strong>Fiche Technique:<\/strong><\/p>\n<ul>\n<li><strong>Marque:<\/strong> Stamford<\/li>\n<li><strong>Type d&rsquo;Encens:<\/strong> Utilisable uniquement avec les br\u00fbleurs d&rsquo;encens \u00e0 refoulement.<\/li>\n<li><strong>Nombre approximatif de c\u00f4nes par paquet:<\/strong> 12 C\u00f4nes<\/li>\n<li><strong>Dur\u00e9e de combustion approximative:<\/strong> 30 Minutes<\/li>\n<li><strong>Information(s) Additionnelle(s):<\/strong> &#8211; Le br\u00fbleur \u00e0 reflux g\u00e9n\u00e9rant une cascade de fum\u00e9e, celui-ci doit \u00eatre plac\u00e9e dans une pi\u00e8ce \u00e0 l&rsquo;abri des courants d&rsquo;air, afin que la cascade de fum\u00e9e puisse se g\u00e9n\u00e9rer en toute fluidit\u00e9. &#8211; Une fois l&rsquo;encens utilis\u00e9, il se peut que celui-ci laisse un r\u00e9sidu clair sur la coupelle. Ce r\u00e9sidu est caus\u00e9 par le s\u00e9diment solidifi\u00e9 de l&rsquo;huile naturelle, ce qui est une r\u00e9action normale. Nettoyez votre br\u00fbleur \u00e0 l&rsquo;aide d&rsquo;une serviette humide. Le trou situ\u00e9 au dessus du br\u00fbleur, ainsi que la coupelle en m\u00e9tal doivent rester propres et \u00e0 l&rsquo;abri de toute obstruction. Ne laissez jamais ce produit en cours d&rsquo;utilisation sans surveillance et veillez \u00e0 toujours placer le br\u00fbleur sur une surface resistante \u00e0 la chaleur.<\/li>\n<\/ul>\n<\/div>\n","protected":false},"featured_media":41484,"template":"","meta":[],"product_brand":[],"product_cat":[22,829,20,825],"product_tag":[],"class_list":{"0":"post-41663","1":"product","2":"type-product","3":"status-publish","4":"has-post-thumbnail","6":"product_cat-destockage","7":"product_cat-encens","8":"product_cat-lifestyle","9":"product_cat-parfum-dinterieur","10":"description-off","12":"first","13":"instock","14":"shipping-taxable","15":"purchasable","16":"product-type-variable"},"_links":{"self":[{"href":"https:\/\/www.sweetmaloryne.com\/boutique\/wp-json\/wp\/v2\/product\/41663","targetHints":{"allow":["GET"]}}],"collection":[{"href":"https:\/\/www.sweetmaloryne.com\/boutique\/wp-json\/wp\/v2\/product"}],"about":[{"href":"https:\/\/www.sweetmaloryne.com\/boutique\/wp-json\/wp\/v2\/types\/product"}],"wp:featuredmedia":[{"embeddable":true,"href":"https:\/\/www.sweetmaloryne.com\/boutique\/wp-json\/wp\/v2\/media\/41484"}],"wp:attachment":[{"href":"https:\/\/www.sweetmaloryne.com\/boutique\/wp-json\/wp\/v2\/media?parent=41663"}],"wp:term":[{"taxonomy":"product_brand","embeddable":true,"href":"https:\/\/www.sweetmaloryne.com\/boutique\/wp-json\/wp\/v2\/product_brand?post=41663"},{"taxonomy":"product_cat","embeddable":true,"href":"https:\/\/www.sweetmaloryne.com\/boutique\/wp-json\/wp\/v2\/product_cat?post=41663"},{"taxonomy":"product_tag","embeddable":true,"href":"https:\/\/www.sweetmaloryne.com\/boutique\/wp-json\/wp\/v2\/product_tag?post=41663"}],"curies":[{"name":"wp","href":"https:\/\/api.w.org\/{rel}","templated":true}]}}