{"id":41687,"date":"2025-10-23T14:01:50","date_gmt":"2025-10-23T12:01:50","guid":{"rendered":"https:\/\/www.sweetmaloryne.com\/boutique\/?post_type=product&#038;p=41687"},"modified":"2026-03-26T11:37:27","modified_gmt":"2026-03-26T10:37:27","slug":"brule-parfum-ceramique-arbre-de-vie-dore-coloris-au-choix-115x9x9cm","status":"publish","type":"product","link":"https:\/\/www.sweetmaloryne.com\/boutique\/produit\/brule-parfum-ceramique-arbre-de-vie-dore-coloris-au-choix-115x9x9cm\/","title":{"rendered":"Br\u00fble Parfum C\u00e9ramique Arbre de Vie Dor\u00e9, Coloris au Choix 11,5x9x9cm"},"content":{"rendered":"","protected":false},"excerpt":{"rendered":"","protected":false},"featured_media":41522,"template":"","meta":[],"product_brand":[],"product_cat":[830,20,658,825],"product_tag":[],"class_list":{"0":"post-41687","1":"product","2":"type-product","3":"status-publish","4":"has-post-thumbnail","6":"product_cat-brule-parfum","7":"product_cat-lifestyle","8":"product_cat-nouveautes","9":"product_cat-parfum-dinterieur","10":"description-off","12":"first","13":"instock","14":"shipping-taxable","15":"purchasable","16":"product-type-simple"},"_links":{"self":[{"href":"https:\/\/www.sweetmaloryne.com\/boutique\/wp-json\/wp\/v2\/product\/41687","targetHints":{"allow":["GET"]}}],"collection":[{"href":"https:\/\/www.sweetmaloryne.com\/boutique\/wp-json\/wp\/v2\/product"}],"about":[{"href":"https:\/\/www.sweetmaloryne.com\/boutique\/wp-json\/wp\/v2\/types\/product"}],"wp:featuredmedia":[{"embeddable":true,"href":"https:\/\/www.sweetmaloryne.com\/boutique\/wp-json\/wp\/v2\/media\/41522"}],"wp:attachment":[{"href":"https:\/\/www.sweetmaloryne.com\/boutique\/wp-json\/wp\/v2\/media?parent=41687"}],"wp:term":[{"taxonomy":"product_brand","embeddable":true,"href":"https:\/\/www.sweetmaloryne.com\/boutique\/wp-json\/wp\/v2\/product_brand?post=41687"},{"taxonomy":"product_cat","embeddable":true,"href":"https:\/\/www.sweetmaloryne.com\/boutique\/wp-json\/wp\/v2\/product_cat?post=41687"},{"taxonomy":"product_tag","embeddable":true,"href":"https:\/\/www.sweetmaloryne.com\/boutique\/wp-json\/wp\/v2\/product_tag?post=41687"}],"curies":[{"name":"wp","href":"https:\/\/api.w.org\/{rel}","templated":true}]}}