{"id":41691,"date":"2025-01-18T16:24:17","date_gmt":"2025-01-18T15:24:17","guid":{"rendered":"https:\/\/www.sweetmaloryne.com\/boutique\/?post_type=product&#038;p=41691"},"modified":"2026-01-01T11:32:15","modified_gmt":"2026-01-01T10:32:15","slug":"bol-chantant-tibetain-chakra-avec-maillet-et-coussin-5x10x10cm-coloris-au-choix","status":"publish","type":"product","link":"https:\/\/www.sweetmaloryne.com\/boutique\/produit\/bol-chantant-tibetain-chakra-avec-maillet-et-coussin-5x10x10cm-coloris-au-choix\/","title":{"rendered":"Bol Chantant Tib\u00e9tain Chakra avec Maillet et Coussin 5x10x10cm Coloris au Choix"},"content":{"rendered":"<table id=\"product-attribute-specs-table\" class=\"data table additional-attributes\">\n<tbody>\n<tr>\n<th class=\"col label\" scope=\"row\">Dimensions<\/th>\n<td class=\"col data\" data-th=\"Dimensions\">Hauteur 5cm Largeur 10cm Profondeur 10cm Mallet 11 x 2.5cm Cushion 2 x 8cm<\/td>\n<\/tr>\n<\/tbody>\n<\/table>\n","protected":false},"excerpt":{"rendered":"<p>Bol Chantant Tib\u00e9tain Chakra<\/p>\n<p><strong>Fiche Technique:<\/strong><\/p>\n<ul>\n<li><strong>Composition:<\/strong> Bol en M\u00e9tal, B\u00e2ton en Bois de Manguier et Coussin en M\u00e9lange de Soie et Coton.<\/li>\n<li><strong>Information(s) Additionnelle(s):<\/strong> Fabriqu\u00e9 \u00e0 la machine en Inde.<\/li>\n<\/ul>\n","protected":false},"featured_media":41537,"template":"","meta":[],"product_brand":[],"product_cat":[22,20,23],"product_tag":[],"class_list":{"0":"post-41691","1":"product","2":"type-product","3":"status-publish","4":"has-post-thumbnail","6":"product_cat-destockage","7":"product_cat-lifestyle","8":"product_cat-objets-deco","9":"pa_couleur-bleu","10":"pa_couleur-bleu-ciel","11":"pa_couleur-cb-vert","12":"description-off","14":"first","15":"instock","16":"shipping-taxable","17":"purchasable","18":"product-type-variable"},"_links":{"self":[{"href":"https:\/\/www.sweetmaloryne.com\/boutique\/wp-json\/wp\/v2\/product\/41691","targetHints":{"allow":["GET"]}}],"collection":[{"href":"https:\/\/www.sweetmaloryne.com\/boutique\/wp-json\/wp\/v2\/product"}],"about":[{"href":"https:\/\/www.sweetmaloryne.com\/boutique\/wp-json\/wp\/v2\/types\/product"}],"wp:featuredmedia":[{"embeddable":true,"href":"https:\/\/www.sweetmaloryne.com\/boutique\/wp-json\/wp\/v2\/media\/41537"}],"wp:attachment":[{"href":"https:\/\/www.sweetmaloryne.com\/boutique\/wp-json\/wp\/v2\/media?parent=41691"}],"wp:term":[{"taxonomy":"product_brand","embeddable":true,"href":"https:\/\/www.sweetmaloryne.com\/boutique\/wp-json\/wp\/v2\/product_brand?post=41691"},{"taxonomy":"product_cat","embeddable":true,"href":"https:\/\/www.sweetmaloryne.com\/boutique\/wp-json\/wp\/v2\/product_cat?post=41691"},{"taxonomy":"product_tag","embeddable":true,"href":"https:\/\/www.sweetmaloryne.com\/boutique\/wp-json\/wp\/v2\/product_tag?post=41691"}],"curies":[{"name":"wp","href":"https:\/\/api.w.org\/{rel}","templated":true}]}}