{"id":41802,"date":"2025-01-23T14:10:42","date_gmt":"2025-01-23T13:10:42","guid":{"rendered":"https:\/\/www.sweetmaloryne.com\/boutique\/?post_type=product&#038;p=41802"},"modified":"2026-01-01T11:32:14","modified_gmt":"2026-01-01T10:32:14","slug":"fritz-sur-cheval-a-baton-a-poser-en-metal-rouille-28x35cm","status":"publish","type":"product","link":"https:\/\/www.sweetmaloryne.com\/boutique\/produit\/fritz-sur-cheval-a-baton-a-poser-en-metal-rouille-28x35cm\/","title":{"rendered":"Fritz sur Cheval \u00e0 B\u00e2ton \u00e0 Poser en M\u00e9tal Rouill\u00e9 28x35cm"},"content":{"rendered":"","protected":false},"excerpt":{"rendered":"","protected":false},"featured_media":41791,"template":"","meta":[],"product_brand":[],"product_cat":[22,19,40],"product_tag":[],"class_list":{"0":"post-41802","1":"product","2":"type-product","3":"status-publish","4":"has-post-thumbnail","6":"product_cat-destockage","7":"product_cat-decoration","8":"product_cat-jardin","9":"description-off","11":"first","12":"instock","13":"sale","14":"shipping-taxable","15":"purchasable","16":"product-type-simple"},"_links":{"self":[{"href":"https:\/\/www.sweetmaloryne.com\/boutique\/wp-json\/wp\/v2\/product\/41802","targetHints":{"allow":["GET"]}}],"collection":[{"href":"https:\/\/www.sweetmaloryne.com\/boutique\/wp-json\/wp\/v2\/product"}],"about":[{"href":"https:\/\/www.sweetmaloryne.com\/boutique\/wp-json\/wp\/v2\/types\/product"}],"wp:featuredmedia":[{"embeddable":true,"href":"https:\/\/www.sweetmaloryne.com\/boutique\/wp-json\/wp\/v2\/media\/41791"}],"wp:attachment":[{"href":"https:\/\/www.sweetmaloryne.com\/boutique\/wp-json\/wp\/v2\/media?parent=41802"}],"wp:term":[{"taxonomy":"product_brand","embeddable":true,"href":"https:\/\/www.sweetmaloryne.com\/boutique\/wp-json\/wp\/v2\/product_brand?post=41802"},{"taxonomy":"product_cat","embeddable":true,"href":"https:\/\/www.sweetmaloryne.com\/boutique\/wp-json\/wp\/v2\/product_cat?post=41802"},{"taxonomy":"product_tag","embeddable":true,"href":"https:\/\/www.sweetmaloryne.com\/boutique\/wp-json\/wp\/v2\/product_tag?post=41802"}],"curies":[{"name":"wp","href":"https:\/\/api.w.org\/{rel}","templated":true}]}}