{"id":41991,"date":"2025-01-30T14:52:42","date_gmt":"2025-01-30T13:52:42","guid":{"rendered":"https:\/\/www.sweetmaloryne.com\/boutique\/?post_type=product&#038;p=41991"},"modified":"2026-01-01T11:04:53","modified_gmt":"2026-01-01T10:04:53","slug":"jeu-sexy-a-gratter-les-vilaines-filles-idee-saint-valentin","status":"publish","type":"product","link":"https:\/\/www.sweetmaloryne.com\/boutique\/produit\/jeu-sexy-a-gratter-les-vilaines-filles-idee-saint-valentin\/","title":{"rendered":"Jeu Sexy \u00e0 Gratter \u00ab\u00a0Les Vilaines Filles\u00a0\u00bb Id\u00e9e Saint Valentin"},"content":{"rendered":"","protected":false},"excerpt":{"rendered":"<p>Jeu sexy \u00e0 gratter<\/p>\n<p>50 id\u00e9es coquines \u00e0 d\u00e9couvrir en couple pour faire vibrer son couple comme au 1er jour<\/p>\n<p>Pour les + de 18ans<\/p>\n<p>Cr\u00e9ation Fran\u00e7aise<\/p>\n","protected":false},"featured_media":41992,"template":"","meta":[],"product_brand":[],"product_cat":[22,20],"product_tag":[],"class_list":{"0":"post-41991","1":"product","2":"type-product","3":"status-publish","4":"has-post-thumbnail","6":"product_cat-destockage","7":"product_cat-lifestyle","8":"description-off","10":"first","11":"instock","12":"sale","13":"shipping-taxable","14":"purchasable","15":"product-type-simple"},"_links":{"self":[{"href":"https:\/\/www.sweetmaloryne.com\/boutique\/wp-json\/wp\/v2\/product\/41991","targetHints":{"allow":["GET"]}}],"collection":[{"href":"https:\/\/www.sweetmaloryne.com\/boutique\/wp-json\/wp\/v2\/product"}],"about":[{"href":"https:\/\/www.sweetmaloryne.com\/boutique\/wp-json\/wp\/v2\/types\/product"}],"wp:featuredmedia":[{"embeddable":true,"href":"https:\/\/www.sweetmaloryne.com\/boutique\/wp-json\/wp\/v2\/media\/41992"}],"wp:attachment":[{"href":"https:\/\/www.sweetmaloryne.com\/boutique\/wp-json\/wp\/v2\/media?parent=41991"}],"wp:term":[{"taxonomy":"product_brand","embeddable":true,"href":"https:\/\/www.sweetmaloryne.com\/boutique\/wp-json\/wp\/v2\/product_brand?post=41991"},{"taxonomy":"product_cat","embeddable":true,"href":"https:\/\/www.sweetmaloryne.com\/boutique\/wp-json\/wp\/v2\/product_cat?post=41991"},{"taxonomy":"product_tag","embeddable":true,"href":"https:\/\/www.sweetmaloryne.com\/boutique\/wp-json\/wp\/v2\/product_tag?post=41991"}],"curies":[{"name":"wp","href":"https:\/\/api.w.org\/{rel}","templated":true}]}}