{"id":41996,"date":"2025-01-30T15:02:27","date_gmt":"2025-01-30T14:02:27","guid":{"rendered":"https:\/\/www.sweetmaloryne.com\/boutique\/?post_type=product&#038;p=41996"},"modified":"2026-01-01T11:04:53","modified_gmt":"2026-01-01T10:04:53","slug":"puzzle-paillete-encadre-les-vilaines-filles-500-pieces","status":"publish","type":"product","link":"https:\/\/www.sweetmaloryne.com\/boutique\/produit\/puzzle-paillete-encadre-les-vilaines-filles-500-pieces\/","title":{"rendered":"Puzzle Paillet\u00e9 Encadr\u00e9 \u00ab\u00a0Les Vilaines Filles\u00a0\u00bb 500 pi\u00e8ces"},"content":{"rendered":"","protected":false},"excerpt":{"rendered":"<p>Puzzle paillet\u00e9 encadr\u00e9 de 500 pi\u00e8ces<\/p>\n<p>Il est livr\u00e9 encadr\u00e9 donc d\u00e9j\u00e0 fait pour celles et ceux qui ont la flemme mais tu peux tout p\u00e9ter et le refaire quand tu veux<\/p>\n<p>Livr\u00e9 avec son cadre en bois blanc<br \/>\nDimensions du cadre : 33 cm x 45 cm<\/p>\n<p>Cr\u00e9ation Fran\u00e7aise<\/p>\n","protected":false},"featured_media":41997,"template":"","meta":[],"product_brand":[],"product_cat":[22,20],"product_tag":[],"class_list":{"0":"post-41996","1":"product","2":"type-product","3":"status-publish","4":"has-post-thumbnail","6":"product_cat-destockage","7":"product_cat-lifestyle","8":"description-off","10":"first","11":"instock","12":"sale","13":"shipping-taxable","14":"purchasable","15":"product-type-simple"},"_links":{"self":[{"href":"https:\/\/www.sweetmaloryne.com\/boutique\/wp-json\/wp\/v2\/product\/41996","targetHints":{"allow":["GET"]}}],"collection":[{"href":"https:\/\/www.sweetmaloryne.com\/boutique\/wp-json\/wp\/v2\/product"}],"about":[{"href":"https:\/\/www.sweetmaloryne.com\/boutique\/wp-json\/wp\/v2\/types\/product"}],"wp:featuredmedia":[{"embeddable":true,"href":"https:\/\/www.sweetmaloryne.com\/boutique\/wp-json\/wp\/v2\/media\/41997"}],"wp:attachment":[{"href":"https:\/\/www.sweetmaloryne.com\/boutique\/wp-json\/wp\/v2\/media?parent=41996"}],"wp:term":[{"taxonomy":"product_brand","embeddable":true,"href":"https:\/\/www.sweetmaloryne.com\/boutique\/wp-json\/wp\/v2\/product_brand?post=41996"},{"taxonomy":"product_cat","embeddable":true,"href":"https:\/\/www.sweetmaloryne.com\/boutique\/wp-json\/wp\/v2\/product_cat?post=41996"},{"taxonomy":"product_tag","embeddable":true,"href":"https:\/\/www.sweetmaloryne.com\/boutique\/wp-json\/wp\/v2\/product_tag?post=41996"}],"curies":[{"name":"wp","href":"https:\/\/api.w.org\/{rel}","templated":true}]}}