{"id":43556,"date":"2025-03-04T14:03:21","date_gmt":"2025-03-04T13:03:21","guid":{"rendered":"https:\/\/www.sweetmaloryne.com\/boutique\/?post_type=product&#038;p=43556"},"modified":"2025-07-03T09:31:40","modified_gmt":"2025-07-03T07:31:40","slug":"buste-chat-en-polyresine-11x9x18cm-2","status":"publish","type":"product","link":"https:\/\/www.sweetmaloryne.com\/boutique\/produit\/buste-chat-en-polyresine-11x9x18cm-2\/","title":{"rendered":"Buste Chat en Polyr\u00e9sine 11x9x18cm"},"content":{"rendered":"<p>\u00c9l\u00e9gante sculpture d\u2019un buste de chat. Apporte une touche unique et classique \u00e0 chaque espace \u2013 une belle d\u00e9coration qui s\u2019adapte \u00e0 tous les styles.<\/p>\n<p>Un cadeau id\u00e9al pour les amoureux des chats !<\/p>\n","protected":false},"excerpt":{"rendered":"<div class=\"gm-prod-feature\"><label class=\"label\">Couleur: <\/label> <span class=\"feature-value\">Blanc<\/span><\/div>\n<div class=\"gm-prod-feature\"><label class=\"label\">Mat\u00e9riel: <\/label> <span class=\"feature-value\">Polyr\u00e9sine<\/span><\/div>\n<div class=\"gm-prod-feature\"><label class=\"label\">Style: <\/label> <span class=\"feature-value\">Classique<\/span><\/div>\n<div class=\"gm-prod-feature\"><label class=\"label\">Poids: <\/label> <span class=\"feature-value\">0,29 kg<\/span><\/div>\n<div class=\"gm-prod-feature\"><label class=\"label\">Longueur: <\/label> <span class=\"feature-value\">11,00 cm<\/span><\/div>\n<div class=\"gm-prod-feature\"><label class=\"label\">Largeur: <\/label> <span class=\"feature-value\">9,00 cm<\/span><\/div>\n<div class=\"gm-prod-feature\"><label class=\"label\">Hauteur: <\/label> <span class=\"feature-value\">19,00 cm<\/span><\/div>\n<div class=\"gm-prod-feature\"><label class=\"label\">Mesure: <\/label> <span class=\"feature-value\">11x9x18 cm<\/span><\/div>\n","protected":false},"featured_media":42550,"template":"","meta":[],"product_brand":[],"product_cat":[19,47],"product_tag":[],"class_list":{"0":"post-43556","1":"product","2":"type-product","3":"status-publish","4":"has-post-thumbnail","6":"product_cat-decoration","7":"product_cat-figurines","8":"description-off","10":"first","11":"instock","12":"shipping-taxable","13":"purchasable","14":"product-type-simple"},"_links":{"self":[{"href":"https:\/\/www.sweetmaloryne.com\/boutique\/wp-json\/wp\/v2\/product\/43556","targetHints":{"allow":["GET"]}}],"collection":[{"href":"https:\/\/www.sweetmaloryne.com\/boutique\/wp-json\/wp\/v2\/product"}],"about":[{"href":"https:\/\/www.sweetmaloryne.com\/boutique\/wp-json\/wp\/v2\/types\/product"}],"wp:featuredmedia":[{"embeddable":true,"href":"https:\/\/www.sweetmaloryne.com\/boutique\/wp-json\/wp\/v2\/media\/42550"}],"wp:attachment":[{"href":"https:\/\/www.sweetmaloryne.com\/boutique\/wp-json\/wp\/v2\/media?parent=43556"}],"wp:term":[{"taxonomy":"product_brand","embeddable":true,"href":"https:\/\/www.sweetmaloryne.com\/boutique\/wp-json\/wp\/v2\/product_brand?post=43556"},{"taxonomy":"product_cat","embeddable":true,"href":"https:\/\/www.sweetmaloryne.com\/boutique\/wp-json\/wp\/v2\/product_cat?post=43556"},{"taxonomy":"product_tag","embeddable":true,"href":"https:\/\/www.sweetmaloryne.com\/boutique\/wp-json\/wp\/v2\/product_tag?post=43556"}],"curies":[{"name":"wp","href":"https:\/\/api.w.org\/{rel}","templated":true}]}}