{"id":43580,"date":"2026-02-16T22:10:20","date_gmt":"2026-02-16T21:10:20","guid":{"rendered":"https:\/\/www.sweetmaloryne.com\/boutique\/?post_type=product&#038;p=43580"},"modified":"2026-04-03T18:23:33","modified_gmt":"2026-04-03T16:23:33","slug":"lapin-decoratif-en-polyresine-bleu-pastel-11x10x31cm","status":"publish","type":"product","link":"https:\/\/www.sweetmaloryne.com\/boutique\/produit\/lapin-decoratif-en-polyresine-bleu-pastel-11x10x31cm\/","title":{"rendered":"Lapin D\u00e9coratif en Polyr\u00e9sine Bleu Pastel 11x10x31cm"},"content":{"rendered":"<p>Magnifique figurine de lapin dans des tons pastel doux. Cette figurine est non seulement une d\u00e9coration parfaite pour P\u00e2ques, mais aussi une touche d\u00e9corative pour d&rsquo;autres occasions. Une excellente id\u00e9e de cadeau pour P\u00e2ques.<\/p>\n","protected":false},"excerpt":{"rendered":"<div class=\"gm-prod-feature\"><label class=\"label\">Couleur: <\/label> <span class=\"feature-value\">Blanc<\/span><\/div>\n<div class=\"gm-prod-feature\"><label class=\"label\">Mat\u00e9riel: <\/label> <span class=\"feature-value\">Polyr\u00e9sine<\/span><\/div>\n<div class=\"gm-prod-feature\"><label class=\"label\">Style: <\/label> <span class=\"feature-value\">Style campagnard<\/span><\/div>\n<div class=\"gm-prod-feature\"><label class=\"label\">Poids: <\/label> <span class=\"feature-value\">0,43 kg<\/span><\/div>\n<div class=\"gm-prod-feature\"><label class=\"label\">Longueur: <\/label> <span class=\"feature-value\">11,00 cm<\/span><\/div>\n<div class=\"gm-prod-feature\"><label class=\"label\">Largeur: <\/label> <span class=\"feature-value\">10,00 cm<\/span><\/div>\n<div class=\"gm-prod-feature\"><label class=\"label\">Hauteur: <\/label> <span class=\"feature-value\">31,00 cm<\/span><\/div>\n<div class=\"gm-prod-feature\"><label class=\"label\">Mesure: <\/label> <span class=\"feature-value\">11x10x31 cm<\/span><\/div>\n","protected":false},"featured_media":42556,"template":"","meta":[],"product_brand":[],"product_cat":[653],"product_tag":[],"class_list":{"0":"post-43580","1":"product","2":"type-product","3":"status-publish","4":"has-post-thumbnail","6":"product_cat-paques","7":"description-off","9":"first","10":"instock","11":"sale","12":"shipping-taxable","13":"purchasable","14":"product-type-simple"},"_links":{"self":[{"href":"https:\/\/www.sweetmaloryne.com\/boutique\/wp-json\/wp\/v2\/product\/43580","targetHints":{"allow":["GET"]}}],"collection":[{"href":"https:\/\/www.sweetmaloryne.com\/boutique\/wp-json\/wp\/v2\/product"}],"about":[{"href":"https:\/\/www.sweetmaloryne.com\/boutique\/wp-json\/wp\/v2\/types\/product"}],"wp:featuredmedia":[{"embeddable":true,"href":"https:\/\/www.sweetmaloryne.com\/boutique\/wp-json\/wp\/v2\/media\/42556"}],"wp:attachment":[{"href":"https:\/\/www.sweetmaloryne.com\/boutique\/wp-json\/wp\/v2\/media?parent=43580"}],"wp:term":[{"taxonomy":"product_brand","embeddable":true,"href":"https:\/\/www.sweetmaloryne.com\/boutique\/wp-json\/wp\/v2\/product_brand?post=43580"},{"taxonomy":"product_cat","embeddable":true,"href":"https:\/\/www.sweetmaloryne.com\/boutique\/wp-json\/wp\/v2\/product_cat?post=43580"},{"taxonomy":"product_tag","embeddable":true,"href":"https:\/\/www.sweetmaloryne.com\/boutique\/wp-json\/wp\/v2\/product_tag?post=43580"}],"curies":[{"name":"wp","href":"https:\/\/api.w.org\/{rel}","templated":true}]}}