{"id":43907,"date":"2025-03-06T16:15:32","date_gmt":"2025-03-06T15:15:32","guid":{"rendered":"https:\/\/www.sweetmaloryne.com\/boutique\/?post_type=product&#038;p=43907"},"modified":"2026-04-09T15:24:30","modified_gmt":"2026-04-09T13:24:30","slug":"piquet-de-jardin-poule-polio-en-metal-rouille-effet-use-2-modeles-au-choix-h-395cm","status":"publish","type":"product","link":"https:\/\/www.sweetmaloryne.com\/boutique\/produit\/piquet-de-jardin-poule-polio-en-metal-rouille-effet-use-2-modeles-au-choix-h-395cm\/","title":{"rendered":"Piquet de Jardin Poule \u00ab\u00a0Polio\u00a0\u00bb en M\u00e9tal Rouill\u00e9 Effet Us\u00e9, 2 Mod\u00e8les au Choix, H.39,5cm"},"content":{"rendered":"","protected":false},"excerpt":{"rendered":"","protected":false},"featured_media":43911,"template":"","meta":[],"product_brand":[],"product_cat":[881,19,40,879,657],"product_tag":[],"class_list":{"0":"post-43907","1":"product","2":"type-product","3":"status-publish","4":"has-post-thumbnail","6":"product_cat-animaux-decoratifs","7":"product_cat-decoration","8":"product_cat-jardin","9":"product_cat-piquet-decoratif","10":"product_cat-pots-fleuristerie","11":"description-off","13":"first","14":"instock","15":"shipping-taxable","16":"purchasable","17":"product-type-simple"},"_links":{"self":[{"href":"https:\/\/www.sweetmaloryne.com\/boutique\/wp-json\/wp\/v2\/product\/43907","targetHints":{"allow":["GET"]}}],"collection":[{"href":"https:\/\/www.sweetmaloryne.com\/boutique\/wp-json\/wp\/v2\/product"}],"about":[{"href":"https:\/\/www.sweetmaloryne.com\/boutique\/wp-json\/wp\/v2\/types\/product"}],"wp:featuredmedia":[{"embeddable":true,"href":"https:\/\/www.sweetmaloryne.com\/boutique\/wp-json\/wp\/v2\/media\/43911"}],"wp:attachment":[{"href":"https:\/\/www.sweetmaloryne.com\/boutique\/wp-json\/wp\/v2\/media?parent=43907"}],"wp:term":[{"taxonomy":"product_brand","embeddable":true,"href":"https:\/\/www.sweetmaloryne.com\/boutique\/wp-json\/wp\/v2\/product_brand?post=43907"},{"taxonomy":"product_cat","embeddable":true,"href":"https:\/\/www.sweetmaloryne.com\/boutique\/wp-json\/wp\/v2\/product_cat?post=43907"},{"taxonomy":"product_tag","embeddable":true,"href":"https:\/\/www.sweetmaloryne.com\/boutique\/wp-json\/wp\/v2\/product_tag?post=43907"}],"curies":[{"name":"wp","href":"https:\/\/api.w.org\/{rel}","templated":true}]}}