{"id":43961,"date":"2025-03-21T09:55:42","date_gmt":"2025-03-21T08:55:42","guid":{"rendered":"https:\/\/www.sweetmaloryne.com\/boutique\/?post_type=product&#038;p=43961"},"modified":"2026-02-05T14:32:26","modified_gmt":"2026-02-05T13:32:26","slug":"stele-fleuri-en-metal-rouille-avec-boule-en-acier-inoxydable-28x30xh-140cm","status":"publish","type":"product","link":"https:\/\/www.sweetmaloryne.com\/boutique\/produit\/stele-fleuri-en-metal-rouille-avec-boule-en-acier-inoxydable-28x30xh-140cm\/","title":{"rendered":"St\u00e8le Fleuri en M\u00e9tal Rouill\u00e9 avec Boule en Acier Inoxydable 28x30xH.140cm"},"content":{"rendered":"","protected":false},"excerpt":{"rendered":"<p id=\"tw-target-text\" class=\"tw-data-text tw-text-large tw-ta\" dir=\"ltr\" data-placeholder=\"Traduction\" data-ved=\"2ahUKEwjBlrje5fCLAxVYV6QEHbyPGqwQ3ewLegQICRAV\"><span class=\"Y2IQFc\" lang=\"fr\">Information: <\/span><\/p>\n<p class=\"tw-data-text tw-text-large tw-ta\" dir=\"ltr\" data-placeholder=\"Traduction\" data-ved=\"2ahUKEwjBlrje5fCLAxVYV6QEHbyPGqwQ3ewLegQICRAV\"><span class=\"Y2IQFc\" lang=\"fr\">Mod\u00e8le 2 faces, avec boule en acier inoxydable. <\/span><\/p>\n<p class=\"tw-data-text tw-text-large tw-ta\" dir=\"ltr\" data-placeholder=\"Traduction\" data-ved=\"2ahUKEwjBlrje5fCLAxVYV6QEHbyPGqwQ3ewLegQICRAV\"><span class=\"Y2IQFc\" lang=\"fr\">Le triangle sup\u00e9rieur est dot\u00e9 d&rsquo;un cordon de soudure dor\u00e9, qui conf\u00e8re \u00e0 la st\u00e8le un \u00e9clat particulier au soleil.<\/span><\/p>\n","protected":false},"featured_media":43963,"template":"","meta":[],"product_brand":[],"product_cat":[22,19,40,890,883],"product_tag":[],"class_list":{"0":"post-43961","1":"product","2":"type-product","3":"status-publish","4":"has-post-thumbnail","6":"product_cat-destockage","7":"product_cat-decoration","8":"product_cat-jardin","9":"product_cat-ornement-a-poser-jardin","10":"product_cat-ornement-en-corten-a-poser","11":"description-off","13":"first","14":"instock","15":"sale","16":"shipping-taxable","17":"purchasable","18":"product-type-simple"},"_links":{"self":[{"href":"https:\/\/www.sweetmaloryne.com\/boutique\/wp-json\/wp\/v2\/product\/43961","targetHints":{"allow":["GET"]}}],"collection":[{"href":"https:\/\/www.sweetmaloryne.com\/boutique\/wp-json\/wp\/v2\/product"}],"about":[{"href":"https:\/\/www.sweetmaloryne.com\/boutique\/wp-json\/wp\/v2\/types\/product"}],"wp:featuredmedia":[{"embeddable":true,"href":"https:\/\/www.sweetmaloryne.com\/boutique\/wp-json\/wp\/v2\/media\/43963"}],"wp:attachment":[{"href":"https:\/\/www.sweetmaloryne.com\/boutique\/wp-json\/wp\/v2\/media?parent=43961"}],"wp:term":[{"taxonomy":"product_brand","embeddable":true,"href":"https:\/\/www.sweetmaloryne.com\/boutique\/wp-json\/wp\/v2\/product_brand?post=43961"},{"taxonomy":"product_cat","embeddable":true,"href":"https:\/\/www.sweetmaloryne.com\/boutique\/wp-json\/wp\/v2\/product_cat?post=43961"},{"taxonomy":"product_tag","embeddable":true,"href":"https:\/\/www.sweetmaloryne.com\/boutique\/wp-json\/wp\/v2\/product_tag?post=43961"}],"curies":[{"name":"wp","href":"https:\/\/api.w.org\/{rel}","templated":true}]}}