{"id":44006,"date":"2025-04-04T13:34:05","date_gmt":"2025-04-04T11:34:05","guid":{"rendered":"https:\/\/www.sweetmaloryne.com\/boutique\/?post_type=product&#038;p=44006"},"modified":"2026-02-05T14:31:46","modified_gmt":"2026-02-05T13:31:46","slug":"colonne-florale-o35-xh-90-avec-cone-o50x105cm-en-metal-rouille","status":"publish","type":"product","link":"https:\/\/www.sweetmaloryne.com\/boutique\/produit\/colonne-florale-o35-xh-90-avec-cone-o50x105cm-en-metal-rouille\/","title":{"rendered":"Colonne Florale \u00f835 xH.90 avec C\u00f4ne \u00f850&#215;10,5cm en M\u00e9tal Rouill\u00e9"},"content":{"rendered":"","protected":false},"excerpt":{"rendered":"","protected":false},"featured_media":44008,"template":"","meta":[],"product_brand":[],"product_cat":[19,40,890,883,657],"product_tag":[],"class_list":{"0":"post-44006","1":"product","2":"type-product","3":"status-publish","4":"has-post-thumbnail","6":"product_cat-decoration","7":"product_cat-jardin","8":"product_cat-ornement-a-poser-jardin","9":"product_cat-ornement-en-corten-a-poser","10":"product_cat-pots-fleuristerie","11":"description-off","13":"first","14":"instock","15":"shipping-taxable","16":"purchasable","17":"product-type-simple"},"_links":{"self":[{"href":"https:\/\/www.sweetmaloryne.com\/boutique\/wp-json\/wp\/v2\/product\/44006","targetHints":{"allow":["GET"]}}],"collection":[{"href":"https:\/\/www.sweetmaloryne.com\/boutique\/wp-json\/wp\/v2\/product"}],"about":[{"href":"https:\/\/www.sweetmaloryne.com\/boutique\/wp-json\/wp\/v2\/types\/product"}],"wp:featuredmedia":[{"embeddable":true,"href":"https:\/\/www.sweetmaloryne.com\/boutique\/wp-json\/wp\/v2\/media\/44008"}],"wp:attachment":[{"href":"https:\/\/www.sweetmaloryne.com\/boutique\/wp-json\/wp\/v2\/media?parent=44006"}],"wp:term":[{"taxonomy":"product_brand","embeddable":true,"href":"https:\/\/www.sweetmaloryne.com\/boutique\/wp-json\/wp\/v2\/product_brand?post=44006"},{"taxonomy":"product_cat","embeddable":true,"href":"https:\/\/www.sweetmaloryne.com\/boutique\/wp-json\/wp\/v2\/product_cat?post=44006"},{"taxonomy":"product_tag","embeddable":true,"href":"https:\/\/www.sweetmaloryne.com\/boutique\/wp-json\/wp\/v2\/product_tag?post=44006"}],"curies":[{"name":"wp","href":"https:\/\/api.w.org\/{rel}","templated":true}]}}