{"id":44286,"date":"2025-03-21T09:55:38","date_gmt":"2025-03-21T08:55:38","guid":{"rendered":"https:\/\/www.sweetmaloryne.com\/boutique\/?post_type=product&#038;p=44286"},"modified":"2026-01-01T11:04:17","modified_gmt":"2026-01-01T10:04:17","slug":"sculpture-de-feuilles-sur-socle-en-metal-rouille-o55xh-185cm","status":"publish","type":"product","link":"https:\/\/www.sweetmaloryne.com\/boutique\/produit\/sculpture-de-feuilles-sur-socle-en-metal-rouille-o55xh-185cm\/","title":{"rendered":"Sculpture de Feuilles sur Socle en M\u00e9tal Rouill\u00e9 \u00f855xH.185cm"},"content":{"rendered":"","protected":false},"excerpt":{"rendered":"<p>Information:<br \/>\nLa disposition et la hauteur des tiges et des feuilles peuvent varier l\u00e9g\u00e8rement. Cependant, les feuilles peuvent facilement \u00eatre pli\u00e9es dans la position souhait\u00e9e.<\/p>\n<p>Dimensionnement :<br \/>\nH : environ 185 cm, diam\u00e8tre : environ 55 cm<\/p>\n","protected":false},"featured_media":44289,"template":"","meta":[],"product_brand":[],"product_cat":[22,19,40,883],"product_tag":[],"class_list":{"0":"post-44286","1":"product","2":"type-product","3":"status-publish","4":"has-post-thumbnail","6":"product_cat-destockage","7":"product_cat-decoration","8":"product_cat-jardin","9":"product_cat-ornement-en-corten-a-poser","10":"description-off","12":"first","13":"instock","14":"sale","15":"shipping-taxable","16":"purchasable","17":"product-type-simple"},"_links":{"self":[{"href":"https:\/\/www.sweetmaloryne.com\/boutique\/wp-json\/wp\/v2\/product\/44286","targetHints":{"allow":["GET"]}}],"collection":[{"href":"https:\/\/www.sweetmaloryne.com\/boutique\/wp-json\/wp\/v2\/product"}],"about":[{"href":"https:\/\/www.sweetmaloryne.com\/boutique\/wp-json\/wp\/v2\/types\/product"}],"wp:featuredmedia":[{"embeddable":true,"href":"https:\/\/www.sweetmaloryne.com\/boutique\/wp-json\/wp\/v2\/media\/44289"}],"wp:attachment":[{"href":"https:\/\/www.sweetmaloryne.com\/boutique\/wp-json\/wp\/v2\/media?parent=44286"}],"wp:term":[{"taxonomy":"product_brand","embeddable":true,"href":"https:\/\/www.sweetmaloryne.com\/boutique\/wp-json\/wp\/v2\/product_brand?post=44286"},{"taxonomy":"product_cat","embeddable":true,"href":"https:\/\/www.sweetmaloryne.com\/boutique\/wp-json\/wp\/v2\/product_cat?post=44286"},{"taxonomy":"product_tag","embeddable":true,"href":"https:\/\/www.sweetmaloryne.com\/boutique\/wp-json\/wp\/v2\/product_tag?post=44286"}],"curies":[{"name":"wp","href":"https:\/\/api.w.org\/{rel}","templated":true}]}}