{"id":44336,"date":"2025-03-20T10:35:20","date_gmt":"2025-03-20T09:35:20","guid":{"rendered":"https:\/\/www.sweetmaloryne.com\/boutique\/?post_type=product&#038;p=44336"},"modified":"2026-05-15T17:35:31","modified_gmt":"2026-05-15T15:35:31","slug":"bouquet-de-fleurs-de-savon-rose-lavande-et-oeillet-16x14x14cm","status":"publish","type":"product","link":"https:\/\/www.sweetmaloryne.com\/boutique\/produit\/bouquet-de-fleurs-de-savon-rose-lavande-et-oeillet-16x14x14cm\/","title":{"rendered":"Bouquet de Fleurs de Savon &#8211; Roses et Oeillets Roses 16x14x14cm"},"content":{"rendered":"<div class=\"description\" data-v-ef464fe5=\"\">\n<h4 class=\"ak-heading--4 ds-text-primary\" data-v-31657ff4=\"\" data-v-ef464fe5=\"\">Dimensions<\/h4>\n<div data-v-cbba9010=\"\" data-v-ef464fe5=\"\">\n<div class=\"rich-description ds-text-base ds-text-neutral-900 text-collapsed\" data-v-cbba9010=\"\">16x14x14 (cm)<\/div>\n<\/div>\n<\/div>\n<div class=\"description\" data-v-ef464fe5=\"\">\n<h4 class=\"ak-heading--4 ds-text-primary\" data-v-31657ff4=\"\" data-v-ef464fe5=\"\">Poids net<\/h4>\n<div data-v-cbba9010=\"\" data-v-ef464fe5=\"\">\n<div class=\"rich-description ds-text-base ds-text-neutral-900 text-collapsed\" data-v-cbba9010=\"\">0,036<\/div>\n<\/div>\n<\/div>\n<div class=\"description\" data-v-ef464fe5=\"\">\n<h4 class=\"ak-heading--4 ds-text-primary\" data-v-31657ff4=\"\" data-v-ef464fe5=\"\">Liste INCI<\/h4>\n<div data-v-cbba9010=\"\" data-v-ef464fe5=\"\">\n<div class=\"rich-description ds-text-base ds-text-neutral-900 text-collapsed\" data-v-cbba9010=\"\">Zea Mays (amidon de ma\u00efs), alcool polyvinylique, eau, dod\u00e9cylsulfate de sodium, cocamide DEA, propyl\u00e8ne glycol, paraffine liquide, parfum, m\u00e9thylisothiazolinone, (+\/- CI 16035, CI 19140, CI 42090, CI 18050, CI 16255, CI 45430 , CI 15985)<\/div>\n<\/div>\n<\/div>\n","protected":false},"excerpt":{"rendered":"<p>Chaque bouquet contient 7 roses de bain et 3 \u0153illets de bain.<\/p>\n<p>Ajoutez simplement une ou deux roses \u00e0 votre bain chaud, d\u00e9tendez-vous et regardez les fleurs se dissoudre juste devant vos yeux. Vous appr\u00e9cierez l&rsquo;eau color\u00e9e et le parfum qui se diffusera. Elles laisseront votre peau douce, soyeuse, et sentant merveilleusement fra\u00eeche.<\/p>\n","protected":false},"featured_media":54696,"template":"","meta":[],"product_brand":[],"product_cat":[19,949,20],"product_tag":[],"class_list":{"0":"post-44336","1":"product","2":"type-product","3":"status-publish","4":"has-post-thumbnail","6":"product_cat-decoration","7":"product_cat-fetes-des-meres","8":"product_cat-lifestyle","9":"description-off","11":"first","12":"instock","13":"shipping-taxable","14":"purchasable","15":"product-type-simple"},"_links":{"self":[{"href":"https:\/\/www.sweetmaloryne.com\/boutique\/wp-json\/wp\/v2\/product\/44336","targetHints":{"allow":["GET"]}}],"collection":[{"href":"https:\/\/www.sweetmaloryne.com\/boutique\/wp-json\/wp\/v2\/product"}],"about":[{"href":"https:\/\/www.sweetmaloryne.com\/boutique\/wp-json\/wp\/v2\/types\/product"}],"wp:featuredmedia":[{"embeddable":true,"href":"https:\/\/www.sweetmaloryne.com\/boutique\/wp-json\/wp\/v2\/media\/54696"}],"wp:attachment":[{"href":"https:\/\/www.sweetmaloryne.com\/boutique\/wp-json\/wp\/v2\/media?parent=44336"}],"wp:term":[{"taxonomy":"product_brand","embeddable":true,"href":"https:\/\/www.sweetmaloryne.com\/boutique\/wp-json\/wp\/v2\/product_brand?post=44336"},{"taxonomy":"product_cat","embeddable":true,"href":"https:\/\/www.sweetmaloryne.com\/boutique\/wp-json\/wp\/v2\/product_cat?post=44336"},{"taxonomy":"product_tag","embeddable":true,"href":"https:\/\/www.sweetmaloryne.com\/boutique\/wp-json\/wp\/v2\/product_tag?post=44336"}],"curies":[{"name":"wp","href":"https:\/\/api.w.org\/{rel}","templated":true}]}}