{"id":44361,"date":"2025-03-20T11:14:21","date_gmt":"2025-03-20T10:14:21","guid":{"rendered":"https:\/\/www.sweetmaloryne.com\/boutique\/?post_type=product&#038;p=44361"},"modified":"2026-01-01T11:04:17","modified_gmt":"2026-01-01T10:04:17","slug":"coffret-de-4-galets-de-50gr-de-douche-a-vapeur-mood-boost","status":"publish","type":"product","link":"https:\/\/www.sweetmaloryne.com\/boutique\/produit\/coffret-de-4-galets-de-50gr-de-douche-a-vapeur-mood-boost\/","title":{"rendered":"Coffret de 4 Galets de 50gr de Douche \u00e0 Vapeur \u00ab\u00a0Mood Boost\u00a0\u00bb"},"content":{"rendered":"","protected":false},"excerpt":{"rendered":"<p>L&rsquo;aromath\u00e9rapie devenant de plus en plus populaire, les galets de douche \u00e0 vapeur Zen sont un excellent moyen \u00a0d&rsquo;am\u00e9liorer l&rsquo;exp\u00e9rience de douche et de cr\u00e9er une atmosph\u00e8re de spa \u00e0 la maison.<\/p>\n<p>Exempts de produits chimiques agressifs, ces galets \u00e0 vapeur r\u00e9pondent \u00e0 la demande croissante de produits de beaut\u00e9 et de bien-\u00eatre propres.<\/p>\n<p>Profitez de la tendance \u00e0 pr\u00e9f\u00e9rer les douches aux bains en offrant le coffret cadeau de douches \u00e0 vapeur d&rsquo;aromath\u00e9rapie Zen.<\/p>\n<p>Emball\u00e9 dans un coffret cadeau, cet ensemble est id\u00e9al pour offrir ou se faire plaisir.<\/p>\n<p>Infus\u00e9 d&rsquo;huiles essentielles<br \/>\nFabriqu\u00e9 au Royaume-Uni<br \/>\nNaturel et v\u00e9g\u00e9talien<\/p>\n<p>4 galets de douche<br \/>\nEmball\u00e9 individuellement sous film r\u00e9tractable<br \/>\nChaque galet de douche p\u00e8se 50 g<\/p>\n","protected":false},"featured_media":44362,"template":"","meta":[],"product_brand":[],"product_cat":[22,20],"product_tag":[],"class_list":{"0":"post-44361","1":"product","2":"type-product","3":"status-publish","4":"has-post-thumbnail","6":"product_cat-destockage","7":"product_cat-lifestyle","8":"description-off","10":"first","11":"instock","12":"sale","13":"shipping-taxable","14":"purchasable","15":"product-type-simple"},"_links":{"self":[{"href":"https:\/\/www.sweetmaloryne.com\/boutique\/wp-json\/wp\/v2\/product\/44361","targetHints":{"allow":["GET"]}}],"collection":[{"href":"https:\/\/www.sweetmaloryne.com\/boutique\/wp-json\/wp\/v2\/product"}],"about":[{"href":"https:\/\/www.sweetmaloryne.com\/boutique\/wp-json\/wp\/v2\/types\/product"}],"wp:featuredmedia":[{"embeddable":true,"href":"https:\/\/www.sweetmaloryne.com\/boutique\/wp-json\/wp\/v2\/media\/44362"}],"wp:attachment":[{"href":"https:\/\/www.sweetmaloryne.com\/boutique\/wp-json\/wp\/v2\/media?parent=44361"}],"wp:term":[{"taxonomy":"product_brand","embeddable":true,"href":"https:\/\/www.sweetmaloryne.com\/boutique\/wp-json\/wp\/v2\/product_brand?post=44361"},{"taxonomy":"product_cat","embeddable":true,"href":"https:\/\/www.sweetmaloryne.com\/boutique\/wp-json\/wp\/v2\/product_cat?post=44361"},{"taxonomy":"product_tag","embeddable":true,"href":"https:\/\/www.sweetmaloryne.com\/boutique\/wp-json\/wp\/v2\/product_tag?post=44361"}],"curies":[{"name":"wp","href":"https:\/\/api.w.org\/{rel}","templated":true}]}}