{"id":44399,"date":"2025-03-21T16:16:42","date_gmt":"2025-03-21T15:16:42","guid":{"rendered":"https:\/\/www.sweetmaloryne.com\/boutique\/?post_type=product&#038;p=44399"},"modified":"2026-04-05T09:59:28","modified_gmt":"2026-04-05T07:59:28","slug":"brule-parfum-gnome-de-paques-h-14cm","status":"publish","type":"product","link":"https:\/\/www.sweetmaloryne.com\/boutique\/produit\/brule-parfum-gnome-de-paques-h-14cm\/","title":{"rendered":"Br\u00fble Parfum Gnome de P\u00e2ques H.14cm"},"content":{"rendered":"","protected":false},"excerpt":{"rendered":"<h4 class=\"ak-heading--4 ds-text-primary\" data-v-31657ff4=\"\" data-v-faeae6a4=\"\">Description<\/h4>\n<div data-v-cbba9010=\"\" data-v-faeae6a4=\"\">\n<div class=\"rich-description ds-text-base ds-text-neutral-900 text-collapsed\" data-v-cbba9010=\"\">Ce charmant br\u00fble-parfum de P\u00e2ques est le compl\u00e9ment id\u00e9al \u00e0 votre d\u00e9coration printani\u00e8re, avec son motif ludique repr\u00e9sentant un adorable lapin gnome aux teintes pastel.<\/div>\n<div class=\"rich-description ds-text-base ds-text-neutral-900 text-collapsed\" data-v-cbba9010=\"\">Id\u00e9al pour une utilisation avec vos fondants \u00a0pr\u00e9f\u00e9r\u00e9s, il diffusera un parfum enivrant tout au long du printemps.<\/div>\n<div class=\"rich-description ds-text-base ds-text-neutral-900 text-collapsed\" data-v-cbba9010=\"\">N&rsquo;utilisez qu&rsquo;une seule bougie chauffe-plat et retirez le couvercle apr\u00e8s utilisation.<\/div>\n<div data-v-cbba9010=\"\"><\/div>\n<\/div>\n<div class=\"variant-shape-properties\" data-v-8468e13d=\"\" data-v-faeae6a4=\"\">\n<div class=\"variant-shape-properties__section\" data-v-8468e13d=\"\"><strong data-v-8468e13d=\"\">Poids<\/strong><\/p>\n<p data-v-8468e13d=\"\">400 g<\/p>\n<\/div>\n<\/div>\n","protected":false},"featured_media":44401,"template":"","meta":[],"product_brand":[],"product_cat":[830,20,825],"product_tag":[],"class_list":{"0":"post-44399","1":"product","2":"type-product","3":"status-publish","4":"has-post-thumbnail","6":"product_cat-brule-parfum","7":"product_cat-lifestyle","8":"product_cat-parfum-dinterieur","9":"description-off","11":"first","12":"instock","13":"sale","14":"shipping-taxable","15":"purchasable","16":"product-type-simple"},"_links":{"self":[{"href":"https:\/\/www.sweetmaloryne.com\/boutique\/wp-json\/wp\/v2\/product\/44399","targetHints":{"allow":["GET"]}}],"collection":[{"href":"https:\/\/www.sweetmaloryne.com\/boutique\/wp-json\/wp\/v2\/product"}],"about":[{"href":"https:\/\/www.sweetmaloryne.com\/boutique\/wp-json\/wp\/v2\/types\/product"}],"wp:featuredmedia":[{"embeddable":true,"href":"https:\/\/www.sweetmaloryne.com\/boutique\/wp-json\/wp\/v2\/media\/44401"}],"wp:attachment":[{"href":"https:\/\/www.sweetmaloryne.com\/boutique\/wp-json\/wp\/v2\/media?parent=44399"}],"wp:term":[{"taxonomy":"product_brand","embeddable":true,"href":"https:\/\/www.sweetmaloryne.com\/boutique\/wp-json\/wp\/v2\/product_brand?post=44399"},{"taxonomy":"product_cat","embeddable":true,"href":"https:\/\/www.sweetmaloryne.com\/boutique\/wp-json\/wp\/v2\/product_cat?post=44399"},{"taxonomy":"product_tag","embeddable":true,"href":"https:\/\/www.sweetmaloryne.com\/boutique\/wp-json\/wp\/v2\/product_tag?post=44399"}],"curies":[{"name":"wp","href":"https:\/\/api.w.org\/{rel}","templated":true}]}}