{"id":45215,"date":"2025-04-29T10:52:25","date_gmt":"2025-04-29T08:52:25","guid":{"rendered":"https:\/\/www.sweetmaloryne.com\/boutique\/?post_type=product&#038;p=45215"},"modified":"2025-07-03T09:51:24","modified_gmt":"2025-07-03T07:51:24","slug":"cartelette-with-love-collier-et-6-pendentifs-piece-zebree-avec-arbre-de-vie-grave-et-resine-triangulaire","status":"publish","type":"product","link":"https:\/\/www.sweetmaloryne.com\/boutique\/produit\/cartelette-with-love-collier-et-6-pendentifs-piece-zebree-avec-arbre-de-vie-grave-et-resine-triangulaire\/","title":{"rendered":"Cartelette WITH LOVE Collier et 6 Pendentifs (pi\u00e8ce z\u00e9br\u00e9e avec arbre de vie grav\u00e9 et r\u00e9sine triangulaire)"},"content":{"rendered":"","protected":false},"excerpt":{"rendered":"<p>Cartelette With love de 6 pendentifs avec un collier \u00e0 composer au gr\u00e9 de ses envies.<br \/>\nPersonnalisez votre collier avec son fermoir bou\u00e9e orn\u00e9 de 2 pendentifs (pi\u00e8ce z\u00e9br\u00e9e avec arbre de vie grav\u00e9 et r\u00e9sine triangulaire).<br \/>\nA personnaliser en mixant avec 4 autres pendentifs.<br \/>\nLongueur de la cha\u00eene : 42 cm<br \/>\nLongueur de la cha\u00eene de r\u00e9glage : 7 cm<br \/>\nLongueur du collier : 49 cm<\/p>\n<p>Garantie sans nickel, sans cadmium<\/p>\n","protected":false},"featured_media":45216,"template":"","meta":[],"product_brand":[891],"product_cat":[24,42,20],"product_tag":[],"class_list":{"0":"post-45215","1":"product","2":"type-product","3":"status-publish","4":"has-post-thumbnail","6":"product_brand-bohm-paris","7":"product_cat-bijoux","8":"product_cat-colliers","9":"product_cat-lifestyle","10":"description-off","12":"first","13":"instock","14":"shipping-taxable","15":"purchasable","16":"product-type-simple"},"_links":{"self":[{"href":"https:\/\/www.sweetmaloryne.com\/boutique\/wp-json\/wp\/v2\/product\/45215","targetHints":{"allow":["GET"]}}],"collection":[{"href":"https:\/\/www.sweetmaloryne.com\/boutique\/wp-json\/wp\/v2\/product"}],"about":[{"href":"https:\/\/www.sweetmaloryne.com\/boutique\/wp-json\/wp\/v2\/types\/product"}],"wp:featuredmedia":[{"embeddable":true,"href":"https:\/\/www.sweetmaloryne.com\/boutique\/wp-json\/wp\/v2\/media\/45216"}],"wp:attachment":[{"href":"https:\/\/www.sweetmaloryne.com\/boutique\/wp-json\/wp\/v2\/media?parent=45215"}],"wp:term":[{"taxonomy":"product_brand","embeddable":true,"href":"https:\/\/www.sweetmaloryne.com\/boutique\/wp-json\/wp\/v2\/product_brand?post=45215"},{"taxonomy":"product_cat","embeddable":true,"href":"https:\/\/www.sweetmaloryne.com\/boutique\/wp-json\/wp\/v2\/product_cat?post=45215"},{"taxonomy":"product_tag","embeddable":true,"href":"https:\/\/www.sweetmaloryne.com\/boutique\/wp-json\/wp\/v2\/product_tag?post=45215"}],"curies":[{"name":"wp","href":"https:\/\/api.w.org\/{rel}","templated":true}]}}