{"id":45238,"date":"2025-04-29T11:54:39","date_gmt":"2025-04-29T09:54:39","guid":{"rendered":"https:\/\/www.sweetmaloryne.com\/boutique\/?post_type=product&#038;p=45238"},"modified":"2025-04-29T11:54:40","modified_gmt":"2025-04-29T09:54:40","slug":"collier-daniela-dore-perles-deau-douce","status":"publish","type":"product","link":"https:\/\/www.sweetmaloryne.com\/boutique\/produit\/collier-daniela-dore-perles-deau-douce\/","title":{"rendered":"Collier Daniela &#8211; dor\u00e9 perles d&rsquo;eau douce"},"content":{"rendered":"","protected":false},"excerpt":{"rendered":"<p>Collier sur cha\u00eene fine en acier inoxydable compos\u00e9 de perles d&rsquo;eau douce et de pampilles rondes et ovale.<br \/>\nLongueur de la cha\u00eene : 38 cm<br \/>\nLongueur de la cha\u00eene de r\u00e9glage : 7 cm<br \/>\nLongueur du collier : 45 cm<\/p>\n<p>Garantie sans nickel, sans cadmium, sans sel de plomb.<br \/>\nR\u00e9siste \u00e0 l\u2019eau et ne noircit pas.<br \/>\n\u00c9tant des perles d&rsquo;eau douce, leurs formes et leurs couleurs peuvent varier d\u2019une pierre \u00e0 l\u2019autre.<\/p>\n","protected":false},"featured_media":45239,"template":"","meta":[],"product_brand":[891],"product_cat":[24,42,20],"product_tag":[],"class_list":{"0":"post-45238","1":"product","2":"type-product","3":"status-publish","4":"has-post-thumbnail","6":"product_brand-bohm-paris","7":"product_cat-bijoux","8":"product_cat-colliers","9":"product_cat-lifestyle","10":"description-off","12":"first","13":"instock","14":"shipping-taxable","15":"purchasable","16":"product-type-simple"},"_links":{"self":[{"href":"https:\/\/www.sweetmaloryne.com\/boutique\/wp-json\/wp\/v2\/product\/45238","targetHints":{"allow":["GET"]}}],"collection":[{"href":"https:\/\/www.sweetmaloryne.com\/boutique\/wp-json\/wp\/v2\/product"}],"about":[{"href":"https:\/\/www.sweetmaloryne.com\/boutique\/wp-json\/wp\/v2\/types\/product"}],"wp:featuredmedia":[{"embeddable":true,"href":"https:\/\/www.sweetmaloryne.com\/boutique\/wp-json\/wp\/v2\/media\/45239"}],"wp:attachment":[{"href":"https:\/\/www.sweetmaloryne.com\/boutique\/wp-json\/wp\/v2\/media?parent=45238"}],"wp:term":[{"taxonomy":"product_brand","embeddable":true,"href":"https:\/\/www.sweetmaloryne.com\/boutique\/wp-json\/wp\/v2\/product_brand?post=45238"},{"taxonomy":"product_cat","embeddable":true,"href":"https:\/\/www.sweetmaloryne.com\/boutique\/wp-json\/wp\/v2\/product_cat?post=45238"},{"taxonomy":"product_tag","embeddable":true,"href":"https:\/\/www.sweetmaloryne.com\/boutique\/wp-json\/wp\/v2\/product_tag?post=45238"}],"curies":[{"name":"wp","href":"https:\/\/api.w.org\/{rel}","templated":true}]}}