{"id":45286,"date":"2025-04-29T16:35:12","date_gmt":"2025-04-29T14:35:12","guid":{"rendered":"https:\/\/www.sweetmaloryne.com\/boutique\/?post_type=product&#038;p=45286"},"modified":"2025-04-29T16:35:13","modified_gmt":"2025-04-29T14:35:13","slug":"collier-pampilles-ovales-et-pierres-naturelles-onyx","status":"publish","type":"product","link":"https:\/\/www.sweetmaloryne.com\/boutique\/produit\/collier-pampilles-ovales-et-pierres-naturelles-onyx\/","title":{"rendered":"Collier &#8211; Pampilles Ovales et Pierres Naturelles Onyx"},"content":{"rendered":"","protected":false},"excerpt":{"rendered":"<p>Collier sur cha\u00eene en acier inoxydable compos\u00e9 de pierres naturelles et de pampilles ovales grav\u00e9es.<br \/>\nLongueur de la cha\u00eene: 38 cm<br \/>\nLongueur de la cha\u00eene de r\u00e9glette: 7 cm<br \/>\nLongueur totale du collier: 45 cm<\/p>\n<p>Garantie sans nickel, sans cadmium, sans sel de plomb.<br \/>\nR\u00e9siste \u00e0 l\u2019eau et ne noircit pas.<br \/>\n\u00c9tant des pierres naturelles, leurs couleurs peuvent varier d\u2019une pierre \u00e0 l\u2019autre.<\/p>\n","protected":false},"featured_media":45288,"template":"","meta":[],"product_brand":[891],"product_cat":[24,42,20],"product_tag":[],"class_list":{"0":"post-45286","1":"product","2":"type-product","3":"status-publish","4":"has-post-thumbnail","6":"product_brand-bohm-paris","7":"product_cat-bijoux","8":"product_cat-colliers","9":"product_cat-lifestyle","10":"description-off","12":"first","13":"instock","14":"shipping-taxable","15":"purchasable","16":"product-type-simple"},"_links":{"self":[{"href":"https:\/\/www.sweetmaloryne.com\/boutique\/wp-json\/wp\/v2\/product\/45286","targetHints":{"allow":["GET"]}}],"collection":[{"href":"https:\/\/www.sweetmaloryne.com\/boutique\/wp-json\/wp\/v2\/product"}],"about":[{"href":"https:\/\/www.sweetmaloryne.com\/boutique\/wp-json\/wp\/v2\/types\/product"}],"wp:featuredmedia":[{"embeddable":true,"href":"https:\/\/www.sweetmaloryne.com\/boutique\/wp-json\/wp\/v2\/media\/45288"}],"wp:attachment":[{"href":"https:\/\/www.sweetmaloryne.com\/boutique\/wp-json\/wp\/v2\/media?parent=45286"}],"wp:term":[{"taxonomy":"product_brand","embeddable":true,"href":"https:\/\/www.sweetmaloryne.com\/boutique\/wp-json\/wp\/v2\/product_brand?post=45286"},{"taxonomy":"product_cat","embeddable":true,"href":"https:\/\/www.sweetmaloryne.com\/boutique\/wp-json\/wp\/v2\/product_cat?post=45286"},{"taxonomy":"product_tag","embeddable":true,"href":"https:\/\/www.sweetmaloryne.com\/boutique\/wp-json\/wp\/v2\/product_tag?post=45286"}],"curies":[{"name":"wp","href":"https:\/\/api.w.org\/{rel}","templated":true}]}}