{"id":45308,"date":"2025-04-29T17:25:50","date_gmt":"2025-04-29T15:25:50","guid":{"rendered":"https:\/\/www.sweetmaloryne.com\/boutique\/?post_type=product&#038;p=45308"},"modified":"2026-01-01T11:04:16","modified_gmt":"2026-01-01T10:04:16","slug":"collier-austyn-argente-maille-mousqueton-et-pierres-naturelles-agate-verte","status":"publish","type":"product","link":"https:\/\/www.sweetmaloryne.com\/boutique\/produit\/collier-austyn-argente-maille-mousqueton-et-pierres-naturelles-agate-verte\/","title":{"rendered":"Collier Austyn Rhodium &#8211; Maille, Mousqueton et Pierres Naturelles Agate Verte"},"content":{"rendered":"","protected":false},"excerpt":{"rendered":"<p>Collier sur fil et cha\u00eene compos\u00e9 d&rsquo;un grand mousqueton, avec d&rsquo;un c\u00f4t\u00e9 de pierres naturelles et de rondelles en acier inoxydable et de l&rsquo;autre d&rsquo;une maille ovale.<br \/>\nLongueur totale du collier: 62 cm<\/p>\n<p>Garantie sans nickel, sans cadmium, sans sel de plomb.<br \/>\nR\u00e9siste \u00e0 l\u2019eau et ne noircit pas.<br \/>\n\u00c9tant des pierres naturelles, leurs couleurs peuvent varier d\u2019une pierre \u00e0 l\u2019autre.<\/p>\n","protected":false},"featured_media":45310,"template":"","meta":[],"product_brand":[891],"product_cat":[22,24,69,20],"product_tag":[],"class_list":{"0":"post-45308","1":"product","2":"type-product","3":"status-publish","4":"has-post-thumbnail","6":"product_brand-bohm-paris","7":"product_cat-destockage","8":"product_cat-bijoux","9":"product_cat-for-men","10":"product_cat-lifestyle","11":"description-off","13":"first","14":"instock","15":"sale","16":"shipping-taxable","17":"purchasable","18":"product-type-simple"},"_links":{"self":[{"href":"https:\/\/www.sweetmaloryne.com\/boutique\/wp-json\/wp\/v2\/product\/45308","targetHints":{"allow":["GET"]}}],"collection":[{"href":"https:\/\/www.sweetmaloryne.com\/boutique\/wp-json\/wp\/v2\/product"}],"about":[{"href":"https:\/\/www.sweetmaloryne.com\/boutique\/wp-json\/wp\/v2\/types\/product"}],"wp:featuredmedia":[{"embeddable":true,"href":"https:\/\/www.sweetmaloryne.com\/boutique\/wp-json\/wp\/v2\/media\/45310"}],"wp:attachment":[{"href":"https:\/\/www.sweetmaloryne.com\/boutique\/wp-json\/wp\/v2\/media?parent=45308"}],"wp:term":[{"taxonomy":"product_brand","embeddable":true,"href":"https:\/\/www.sweetmaloryne.com\/boutique\/wp-json\/wp\/v2\/product_brand?post=45308"},{"taxonomy":"product_cat","embeddable":true,"href":"https:\/\/www.sweetmaloryne.com\/boutique\/wp-json\/wp\/v2\/product_cat?post=45308"},{"taxonomy":"product_tag","embeddable":true,"href":"https:\/\/www.sweetmaloryne.com\/boutique\/wp-json\/wp\/v2\/product_tag?post=45308"}],"curies":[{"name":"wp","href":"https:\/\/api.w.org\/{rel}","templated":true}]}}