{"id":45315,"date":"2025-04-29T17:36:23","date_gmt":"2025-04-29T15:36:23","guid":{"rendered":"https:\/\/www.sweetmaloryne.com\/boutique\/?post_type=product&#038;p=45315"},"modified":"2026-01-01T11:04:16","modified_gmt":"2026-01-01T10:04:16","slug":"bracelet-alex-m-unisex-dore-23-cm","status":"publish","type":"product","link":"https:\/\/www.sweetmaloryne.com\/boutique\/produit\/bracelet-alex-m-unisex-dore-23-cm\/","title":{"rendered":"Bracelet Alex M &#8211; UNISEX &#8211; Dor\u00e9 23 cm"},"content":{"rendered":"","protected":false},"excerpt":{"rendered":"<p>Bracelet en acier inoxydable compos\u00e9 d&rsquo;un pendentif menotte, avec d&rsquo;une part une maille rectangulaire \u00e9paisse et une petite maille gourmette et de l&rsquo;autre une maille gourmette \u00e9paisse.<br \/>\nLongueur de la cha\u00eene: 20 cm<br \/>\nLongueur de la cha\u00eene de r\u00e9glette: 3 cm<br \/>\nLongueur totale du bracelet: 23 cm<\/p>\n<p>Garantie sans nickel, sans cadmium, sans sel de plomb.<br \/>\nR\u00e9siste \u00e0 l\u2019eau et ne noircit pas.<\/p>\n","protected":false},"featured_media":45320,"template":"","meta":[],"product_brand":[891],"product_cat":[22,24,69,20],"product_tag":[],"class_list":{"0":"post-45315","1":"product","2":"type-product","3":"status-publish","4":"has-post-thumbnail","6":"product_brand-bohm-paris","7":"product_cat-destockage","8":"product_cat-bijoux","9":"product_cat-for-men","10":"product_cat-lifestyle","11":"description-off","13":"first","14":"instock","15":"sale","16":"shipping-taxable","17":"purchasable","18":"product-type-simple"},"_links":{"self":[{"href":"https:\/\/www.sweetmaloryne.com\/boutique\/wp-json\/wp\/v2\/product\/45315","targetHints":{"allow":["GET"]}}],"collection":[{"href":"https:\/\/www.sweetmaloryne.com\/boutique\/wp-json\/wp\/v2\/product"}],"about":[{"href":"https:\/\/www.sweetmaloryne.com\/boutique\/wp-json\/wp\/v2\/types\/product"}],"wp:featuredmedia":[{"embeddable":true,"href":"https:\/\/www.sweetmaloryne.com\/boutique\/wp-json\/wp\/v2\/media\/45320"}],"wp:attachment":[{"href":"https:\/\/www.sweetmaloryne.com\/boutique\/wp-json\/wp\/v2\/media?parent=45315"}],"wp:term":[{"taxonomy":"product_brand","embeddable":true,"href":"https:\/\/www.sweetmaloryne.com\/boutique\/wp-json\/wp\/v2\/product_brand?post=45315"},{"taxonomy":"product_cat","embeddable":true,"href":"https:\/\/www.sweetmaloryne.com\/boutique\/wp-json\/wp\/v2\/product_cat?post=45315"},{"taxonomy":"product_tag","embeddable":true,"href":"https:\/\/www.sweetmaloryne.com\/boutique\/wp-json\/wp\/v2\/product_tag?post=45315"}],"curies":[{"name":"wp","href":"https:\/\/api.w.org\/{rel}","templated":true}]}}