{"id":45359,"date":"2025-05-01T10:09:39","date_gmt":"2025-05-01T08:09:39","guid":{"rendered":"https:\/\/www.sweetmaloryne.com\/boutique\/?post_type=product&#038;p=45359"},"modified":"2026-04-03T14:51:30","modified_gmt":"2026-04-03T12:51:30","slug":"boucles-doreilles-isa-s-peach-gold","status":"publish","type":"product","link":"https:\/\/www.sweetmaloryne.com\/boutique\/produit\/boucles-doreilles-isa-s-peach-gold\/","title":{"rendered":"Boucles d&rsquo;oreilles Isa S Peach Gold"},"content":{"rendered":"","protected":false},"excerpt":{"rendered":"<p>Une envie de couleur et de l\u00e9g\u00e8ret\u00e9 ?<\/p>\n<p>Retrouvez la nouvelle collection de boucles d&rsquo;oreilles en r\u00e9sine.<\/p>\n<p>Cr\u00e9oles en acier inoxydable<\/p>\n","protected":false},"featured_media":45361,"template":"","meta":[],"product_brand":[893],"product_cat":[24,55,20],"product_tag":[],"class_list":{"0":"post-45359","1":"product","2":"type-product","3":"status-publish","4":"has-post-thumbnail","6":"product_brand-ca-gaze","7":"product_cat-bijoux","8":"product_cat-boucles-d-oreilles","9":"product_cat-lifestyle","10":"description-off","12":"first","13":"instock","14":"shipping-taxable","15":"purchasable","16":"product-type-simple"},"_links":{"self":[{"href":"https:\/\/www.sweetmaloryne.com\/boutique\/wp-json\/wp\/v2\/product\/45359","targetHints":{"allow":["GET"]}}],"collection":[{"href":"https:\/\/www.sweetmaloryne.com\/boutique\/wp-json\/wp\/v2\/product"}],"about":[{"href":"https:\/\/www.sweetmaloryne.com\/boutique\/wp-json\/wp\/v2\/types\/product"}],"wp:featuredmedia":[{"embeddable":true,"href":"https:\/\/www.sweetmaloryne.com\/boutique\/wp-json\/wp\/v2\/media\/45361"}],"wp:attachment":[{"href":"https:\/\/www.sweetmaloryne.com\/boutique\/wp-json\/wp\/v2\/media?parent=45359"}],"wp:term":[{"taxonomy":"product_brand","embeddable":true,"href":"https:\/\/www.sweetmaloryne.com\/boutique\/wp-json\/wp\/v2\/product_brand?post=45359"},{"taxonomy":"product_cat","embeddable":true,"href":"https:\/\/www.sweetmaloryne.com\/boutique\/wp-json\/wp\/v2\/product_cat?post=45359"},{"taxonomy":"product_tag","embeddable":true,"href":"https:\/\/www.sweetmaloryne.com\/boutique\/wp-json\/wp\/v2\/product_tag?post=45359"}],"curies":[{"name":"wp","href":"https:\/\/api.w.org\/{rel}","templated":true}]}}