{"id":45374,"date":"2025-05-01T10:31:59","date_gmt":"2025-05-01T08:31:59","guid":{"rendered":"https:\/\/www.sweetmaloryne.com\/boutique\/?post_type=product&#038;p=45374"},"modified":"2025-11-21T16:45:57","modified_gmt":"2025-11-21T15:45:57","slug":"boucles-doreilles-lucie-or","status":"publish","type":"product","link":"https:\/\/www.sweetmaloryne.com\/boutique\/produit\/boucles-doreilles-lucie-or\/","title":{"rendered":"Boucles d&rsquo;oreilles Lucie Or"},"content":{"rendered":"","protected":false},"excerpt":{"rendered":"<p>Une envie de couleur et d&rsquo;un brin de folie<\/p>\n<p>Retrouvez la nouvelle collection de boucles d&rsquo;oreilles en r\u00e9sine, orn\u00e9es de paillettes \u00e9tincelantes pour une touche de glam&rsquo; !<\/p>\n<p>Parfaites pour toute occasion, leur l\u00e9g\u00e8ret\u00e9 vous permet de les porter confortablement toute la journ\u00e9e. Ajoutez une touche de lumi\u00e8re \u00e0 votre tenue !!<\/p>\n<p>R\u00e9sine et acier inoxydable.<\/p>\n<p>Boucle en r\u00e9sine de 1,8cm<\/p>\n","protected":false},"featured_media":45375,"template":"","meta":[],"product_brand":[893],"product_cat":[24,55,20],"product_tag":[],"class_list":{"0":"post-45374","1":"product","2":"type-product","3":"status-publish","4":"has-post-thumbnail","6":"product_brand-ca-gaze","7":"product_cat-bijoux","8":"product_cat-boucles-d-oreilles","9":"product_cat-lifestyle","10":"description-off","12":"first","13":"instock","14":"shipping-taxable","15":"purchasable","16":"product-type-simple"},"_links":{"self":[{"href":"https:\/\/www.sweetmaloryne.com\/boutique\/wp-json\/wp\/v2\/product\/45374","targetHints":{"allow":["GET"]}}],"collection":[{"href":"https:\/\/www.sweetmaloryne.com\/boutique\/wp-json\/wp\/v2\/product"}],"about":[{"href":"https:\/\/www.sweetmaloryne.com\/boutique\/wp-json\/wp\/v2\/types\/product"}],"wp:featuredmedia":[{"embeddable":true,"href":"https:\/\/www.sweetmaloryne.com\/boutique\/wp-json\/wp\/v2\/media\/45375"}],"wp:attachment":[{"href":"https:\/\/www.sweetmaloryne.com\/boutique\/wp-json\/wp\/v2\/media?parent=45374"}],"wp:term":[{"taxonomy":"product_brand","embeddable":true,"href":"https:\/\/www.sweetmaloryne.com\/boutique\/wp-json\/wp\/v2\/product_brand?post=45374"},{"taxonomy":"product_cat","embeddable":true,"href":"https:\/\/www.sweetmaloryne.com\/boutique\/wp-json\/wp\/v2\/product_cat?post=45374"},{"taxonomy":"product_tag","embeddable":true,"href":"https:\/\/www.sweetmaloryne.com\/boutique\/wp-json\/wp\/v2\/product_tag?post=45374"}],"curies":[{"name":"wp","href":"https:\/\/api.w.org\/{rel}","templated":true}]}}