{"id":45520,"date":"2025-05-01T16:45:01","date_gmt":"2025-05-01T14:45:01","guid":{"rendered":"https:\/\/www.sweetmaloryne.com\/boutique\/?post_type=product&#038;p=45520"},"modified":"2025-05-01T16:46:36","modified_gmt":"2025-05-01T14:46:36","slug":"boucles-puces-effet-cratere-etoile","status":"publish","type":"product","link":"https:\/\/www.sweetmaloryne.com\/boutique\/produit\/boucles-puces-effet-cratere-etoile\/","title":{"rendered":"Boucles puces &#8211; effet crat\u00e8re \u00e9toil\u00e9"},"content":{"rendered":"","protected":false},"excerpt":{"rendered":"<p>Boucles d&rsquo;oreilles \u00e0 puce en acier inoxydable compos\u00e9es d&rsquo;une \u00e9toile.<br \/>\nDimensions de la boucle : 18 x 18 mm<\/p>\n<p>Garantie sans nickel, sans cadmium, sans sel de plomb.<br \/>\nR\u00e9siste \u00e0 l\u2019eau et ne noircit pas<\/p>\n","protected":false},"featured_media":45522,"template":"","meta":[],"product_brand":[891],"product_cat":[24,55,20],"product_tag":[],"class_list":{"0":"post-45520","1":"product","2":"type-product","3":"status-publish","4":"has-post-thumbnail","6":"product_brand-bohm-paris","7":"product_cat-bijoux","8":"product_cat-boucles-d-oreilles","9":"product_cat-lifestyle","10":"description-off","12":"first","13":"instock","14":"shipping-taxable","15":"purchasable","16":"product-type-simple"},"_links":{"self":[{"href":"https:\/\/www.sweetmaloryne.com\/boutique\/wp-json\/wp\/v2\/product\/45520","targetHints":{"allow":["GET"]}}],"collection":[{"href":"https:\/\/www.sweetmaloryne.com\/boutique\/wp-json\/wp\/v2\/product"}],"about":[{"href":"https:\/\/www.sweetmaloryne.com\/boutique\/wp-json\/wp\/v2\/types\/product"}],"wp:featuredmedia":[{"embeddable":true,"href":"https:\/\/www.sweetmaloryne.com\/boutique\/wp-json\/wp\/v2\/media\/45522"}],"wp:attachment":[{"href":"https:\/\/www.sweetmaloryne.com\/boutique\/wp-json\/wp\/v2\/media?parent=45520"}],"wp:term":[{"taxonomy":"product_brand","embeddable":true,"href":"https:\/\/www.sweetmaloryne.com\/boutique\/wp-json\/wp\/v2\/product_brand?post=45520"},{"taxonomy":"product_cat","embeddable":true,"href":"https:\/\/www.sweetmaloryne.com\/boutique\/wp-json\/wp\/v2\/product_cat?post=45520"},{"taxonomy":"product_tag","embeddable":true,"href":"https:\/\/www.sweetmaloryne.com\/boutique\/wp-json\/wp\/v2\/product_tag?post=45520"}],"curies":[{"name":"wp","href":"https:\/\/api.w.org\/{rel}","templated":true}]}}