{"id":45528,"date":"2025-05-01T16:56:05","date_gmt":"2025-05-01T14:56:05","guid":{"rendered":"https:\/\/www.sweetmaloryne.com\/boutique\/?post_type=product&#038;p=45528"},"modified":"2025-05-01T16:57:15","modified_gmt":"2025-05-01T14:57:15","slug":"bague-doree-3-anneaux-marteles-ajoures-effet-quadrille","status":"publish","type":"product","link":"https:\/\/www.sweetmaloryne.com\/boutique\/produit\/bague-doree-3-anneaux-marteles-ajoures-effet-quadrille\/","title":{"rendered":"Bague Dor\u00e9e &#8211; 3 anneaux martel\u00e9s, ajour\u00e9s effet quadrill\u00e9"},"content":{"rendered":"","protected":false},"excerpt":{"rendered":"<p>Bague fine en acier inoxydable compos\u00e9e de 3 anneaux l\u00e9g\u00e8rement martel\u00e9s avec de petits ronds donnant un effet quadrill\u00e9.<br \/>\nAjustable, la bague se resserre ou s&rsquo;agrandit : de la taille 50 \u00e0 58<br \/>\nHauteur de la bague: 6 mm<\/p>\n<p>Garantie sans nickel, sans cadmium, sans sel de plomb.<br \/>\nR\u00e9siste \u00e0 l\u2019eau et ne noircit pas.<\/p>\n","protected":false},"featured_media":45530,"template":"","meta":[],"product_brand":[891],"product_cat":[61,24,20],"product_tag":[],"class_list":{"0":"post-45528","1":"product","2":"type-product","3":"status-publish","4":"has-post-thumbnail","6":"product_brand-bohm-paris","7":"product_cat-bagues","8":"product_cat-bijoux","9":"product_cat-lifestyle","10":"description-off","12":"first","13":"instock","14":"shipping-taxable","15":"purchasable","16":"product-type-simple"},"_links":{"self":[{"href":"https:\/\/www.sweetmaloryne.com\/boutique\/wp-json\/wp\/v2\/product\/45528","targetHints":{"allow":["GET"]}}],"collection":[{"href":"https:\/\/www.sweetmaloryne.com\/boutique\/wp-json\/wp\/v2\/product"}],"about":[{"href":"https:\/\/www.sweetmaloryne.com\/boutique\/wp-json\/wp\/v2\/types\/product"}],"wp:featuredmedia":[{"embeddable":true,"href":"https:\/\/www.sweetmaloryne.com\/boutique\/wp-json\/wp\/v2\/media\/45530"}],"wp:attachment":[{"href":"https:\/\/www.sweetmaloryne.com\/boutique\/wp-json\/wp\/v2\/media?parent=45528"}],"wp:term":[{"taxonomy":"product_brand","embeddable":true,"href":"https:\/\/www.sweetmaloryne.com\/boutique\/wp-json\/wp\/v2\/product_brand?post=45528"},{"taxonomy":"product_cat","embeddable":true,"href":"https:\/\/www.sweetmaloryne.com\/boutique\/wp-json\/wp\/v2\/product_cat?post=45528"},{"taxonomy":"product_tag","embeddable":true,"href":"https:\/\/www.sweetmaloryne.com\/boutique\/wp-json\/wp\/v2\/product_tag?post=45528"}],"curies":[{"name":"wp","href":"https:\/\/api.w.org\/{rel}","templated":true}]}}