{"id":45547,"date":"2025-05-02T09:47:26","date_gmt":"2025-05-02T07:47:26","guid":{"rendered":"https:\/\/www.sweetmaloryne.com\/boutique\/?post_type=product&#038;p=45547"},"modified":"2025-06-05T13:35:09","modified_gmt":"2025-06-05T11:35:09","slug":"chevillere-azalee-doree-chaine-avec-boules-pampilles-rondes-pierres-naturelles-rondes-et-ovale-amethyste","status":"publish","type":"product","link":"https:\/\/www.sweetmaloryne.com\/boutique\/produit\/chevillere-azalee-doree-chaine-avec-boules-pampilles-rondes-pierres-naturelles-rondes-et-ovale-amethyste\/","title":{"rendered":"Chevill\u00e8re AZAL\u00c9E Dor\u00e9e &#8211; Cha\u00eene Avec Boules, Pampilles Rondes, Pierres Naturelles Rondes et Ovale Am\u00e9thyste"},"content":{"rendered":"","protected":false},"excerpt":{"rendered":"<p>Bracelet de cheville sur cha\u00eene en acier inoxydable compos\u00e9 d&rsquo;une maille for\u00e7at avec des boules, orn\u00e9 des pampilles rondes, de pierres naturelles rondes et d&rsquo;un pendentif ovale en pierre naturelle.<br \/>\nLongueur de la cha\u00eene : 21,5 cm<br \/>\nLongueur de la cha\u00eene de r\u00e9glage : 3 cm<br \/>\nLongueur de la chevill\u00e8re : 24,5 cm<br \/>\nDimensions du pendentif : 8 x 6 mm<\/p>\n<p>Garantie sans nickel, sans cadmium, sans sel de plomb.<br \/>\nR\u00e9siste \u00e0 l\u2019eau et ne noircit pas.<br \/>\n\u00c9tant des pierres naturelles, leurs couleurs peuvent varier d\u2019une pierre \u00e0 l\u2019autre.<\/p>\n","protected":false},"featured_media":45549,"template":"","meta":[],"product_brand":[891],"product_cat":[24,897,20],"product_tag":[],"class_list":{"0":"post-45547","1":"product","2":"type-product","3":"status-publish","4":"has-post-thumbnail","6":"product_brand-bohm-paris","7":"product_cat-bijoux","8":"product_cat-chevillere","9":"product_cat-lifestyle","10":"description-off","12":"first","13":"instock","14":"shipping-taxable","15":"purchasable","16":"product-type-simple"},"_links":{"self":[{"href":"https:\/\/www.sweetmaloryne.com\/boutique\/wp-json\/wp\/v2\/product\/45547","targetHints":{"allow":["GET"]}}],"collection":[{"href":"https:\/\/www.sweetmaloryne.com\/boutique\/wp-json\/wp\/v2\/product"}],"about":[{"href":"https:\/\/www.sweetmaloryne.com\/boutique\/wp-json\/wp\/v2\/types\/product"}],"wp:featuredmedia":[{"embeddable":true,"href":"https:\/\/www.sweetmaloryne.com\/boutique\/wp-json\/wp\/v2\/media\/45549"}],"wp:attachment":[{"href":"https:\/\/www.sweetmaloryne.com\/boutique\/wp-json\/wp\/v2\/media?parent=45547"}],"wp:term":[{"taxonomy":"product_brand","embeddable":true,"href":"https:\/\/www.sweetmaloryne.com\/boutique\/wp-json\/wp\/v2\/product_brand?post=45547"},{"taxonomy":"product_cat","embeddable":true,"href":"https:\/\/www.sweetmaloryne.com\/boutique\/wp-json\/wp\/v2\/product_cat?post=45547"},{"taxonomy":"product_tag","embeddable":true,"href":"https:\/\/www.sweetmaloryne.com\/boutique\/wp-json\/wp\/v2\/product_tag?post=45547"}],"curies":[{"name":"wp","href":"https:\/\/api.w.org\/{rel}","templated":true}]}}