{"id":45563,"date":"2025-05-02T10:20:17","date_gmt":"2025-05-02T08:20:17","guid":{"rendered":"https:\/\/www.sweetmaloryne.com\/boutique\/?post_type=product&#038;p=45563"},"modified":"2025-05-02T10:28:53","modified_gmt":"2025-05-02T08:28:53","slug":"chaine-de-cheville-bohm-paris-moira-alicia-perles-deau-douce","status":"publish","type":"product","link":"https:\/\/www.sweetmaloryne.com\/boutique\/produit\/chaine-de-cheville-bohm-paris-moira-alicia-perles-deau-douce\/","title":{"rendered":"Chaine de Cheville Bohm Paris &#8211; Moira Alicia Perles d&rsquo;Eau Douce"},"content":{"rendered":"","protected":false},"excerpt":{"rendered":"<div>\n<div>\n<div>\n<div>\n<div>\n<div>\n<div>\n<div>Bracelet de cheville sur cha\u00eene en acier inoxydable compos\u00e9 de pierres naturelles rondes, un cristal taill\u00e9 rond, une abeille textur\u00e9e et d&rsquo;un pendentif en forme de papillon.<\/div>\n<div>\n<ul>\n<li>Longueur de la cha\u00eene: 21 cm<\/li>\n<li>Longueur de la cha\u00eene de r\u00e9glette: 3 cm<\/li>\n<li>Longueur totale de la chevill\u00e8re : 24 cm<\/li>\n<li>Garantie sans nickel, sans cadmium, sans sel de plomb.<\/li>\n<li>R\u00e9siste \u00e0 l\u2019eau et ne noircit pas.<\/li>\n<\/ul>\n<\/div>\n<\/div>\n<\/div>\n<div><\/div>\n<\/div>\n<\/div>\n<\/div>\n<\/div>\n<\/div>\n<div>\u00c9tant des pierres naturelles, leurs couleurs peuvent varier d\u2019une pierre \u00e0 l\u2019autre.<\/div>\n","protected":false},"featured_media":45565,"template":"","meta":[],"product_brand":[891],"product_cat":[24,897,20],"product_tag":[],"class_list":{"0":"post-45563","1":"product","2":"type-product","3":"status-publish","4":"has-post-thumbnail","6":"product_brand-bohm-paris","7":"product_cat-bijoux","8":"product_cat-chevillere","9":"product_cat-lifestyle","10":"description-off","12":"first","13":"instock","14":"shipping-taxable","15":"purchasable","16":"product-type-simple"},"_links":{"self":[{"href":"https:\/\/www.sweetmaloryne.com\/boutique\/wp-json\/wp\/v2\/product\/45563","targetHints":{"allow":["GET"]}}],"collection":[{"href":"https:\/\/www.sweetmaloryne.com\/boutique\/wp-json\/wp\/v2\/product"}],"about":[{"href":"https:\/\/www.sweetmaloryne.com\/boutique\/wp-json\/wp\/v2\/types\/product"}],"wp:featuredmedia":[{"embeddable":true,"href":"https:\/\/www.sweetmaloryne.com\/boutique\/wp-json\/wp\/v2\/media\/45565"}],"wp:attachment":[{"href":"https:\/\/www.sweetmaloryne.com\/boutique\/wp-json\/wp\/v2\/media?parent=45563"}],"wp:term":[{"taxonomy":"product_brand","embeddable":true,"href":"https:\/\/www.sweetmaloryne.com\/boutique\/wp-json\/wp\/v2\/product_brand?post=45563"},{"taxonomy":"product_cat","embeddable":true,"href":"https:\/\/www.sweetmaloryne.com\/boutique\/wp-json\/wp\/v2\/product_cat?post=45563"},{"taxonomy":"product_tag","embeddable":true,"href":"https:\/\/www.sweetmaloryne.com\/boutique\/wp-json\/wp\/v2\/product_tag?post=45563"}],"curies":[{"name":"wp","href":"https:\/\/api.w.org\/{rel}","templated":true}]}}