{"id":45566,"date":"2025-05-02T10:25:29","date_gmt":"2025-05-02T08:25:29","guid":{"rendered":"https:\/\/www.sweetmaloryne.com\/boutique\/?post_type=product&#038;p=45566"},"modified":"2025-05-02T10:27:50","modified_gmt":"2025-05-02T08:27:50","slug":"chaine-de-cheville-bohm-paris-moira-erikoa","status":"publish","type":"product","link":"https:\/\/www.sweetmaloryne.com\/boutique\/produit\/chaine-de-cheville-bohm-paris-moira-erikoa\/","title":{"rendered":"Chaine de Cheville Bohm Paris &#8211; Moira Erikoa"},"content":{"rendered":"","protected":false},"excerpt":{"rendered":"<p>Bracelet de cheville 2 rangs sur cha\u00eene en acier inoxydable compos\u00e9 d&rsquo;une cha\u00eene avec des boules en acier et d&rsquo;une cha\u00eene orn\u00e9e de pampilles ovales plates.<\/p>\n<ul>\n<li>Longueur des cha\u00eenes : 21 cm<\/li>\n<li>Longueur de la cha\u00eene de r\u00e9glage : 3 cm<\/li>\n<li>Longueur de la chevill\u00e8re : 24 cm<\/li>\n<li>Garantie sans nickel, sans cadmium, sans sel de plomb.<\/li>\n<li>R\u00e9siste \u00e0 l\u2019eau et ne noircit pas.<\/li>\n<\/ul>\n","protected":false},"featured_media":45569,"template":"","meta":[],"product_brand":[891],"product_cat":[24,897,20],"product_tag":[],"class_list":{"0":"post-45566","1":"product","2":"type-product","3":"status-publish","4":"has-post-thumbnail","6":"product_brand-bohm-paris","7":"product_cat-bijoux","8":"product_cat-chevillere","9":"product_cat-lifestyle","10":"description-off","12":"first","13":"instock","14":"shipping-taxable","15":"purchasable","16":"product-type-simple"},"_links":{"self":[{"href":"https:\/\/www.sweetmaloryne.com\/boutique\/wp-json\/wp\/v2\/product\/45566","targetHints":{"allow":["GET"]}}],"collection":[{"href":"https:\/\/www.sweetmaloryne.com\/boutique\/wp-json\/wp\/v2\/product"}],"about":[{"href":"https:\/\/www.sweetmaloryne.com\/boutique\/wp-json\/wp\/v2\/types\/product"}],"wp:featuredmedia":[{"embeddable":true,"href":"https:\/\/www.sweetmaloryne.com\/boutique\/wp-json\/wp\/v2\/media\/45569"}],"wp:attachment":[{"href":"https:\/\/www.sweetmaloryne.com\/boutique\/wp-json\/wp\/v2\/media?parent=45566"}],"wp:term":[{"taxonomy":"product_brand","embeddable":true,"href":"https:\/\/www.sweetmaloryne.com\/boutique\/wp-json\/wp\/v2\/product_brand?post=45566"},{"taxonomy":"product_cat","embeddable":true,"href":"https:\/\/www.sweetmaloryne.com\/boutique\/wp-json\/wp\/v2\/product_cat?post=45566"},{"taxonomy":"product_tag","embeddable":true,"href":"https:\/\/www.sweetmaloryne.com\/boutique\/wp-json\/wp\/v2\/product_tag?post=45566"}],"curies":[{"name":"wp","href":"https:\/\/api.w.org\/{rel}","templated":true}]}}