{"id":45570,"date":"2025-05-02T10:32:22","date_gmt":"2025-05-02T08:32:22","guid":{"rendered":"https:\/\/www.sweetmaloryne.com\/boutique\/?post_type=product&#038;p=45570"},"modified":"2025-06-05T13:36:02","modified_gmt":"2025-06-05T11:36:02","slug":"chaine-de-cheville-bohm-paris-moira-suzanne-turquoise-africaine","status":"publish","type":"product","link":"https:\/\/www.sweetmaloryne.com\/boutique\/produit\/chaine-de-cheville-bohm-paris-moira-suzanne-turquoise-africaine\/","title":{"rendered":"Chaine de Cheville Bohm Paris &#8211; Moira Suzanne Turquoise Africaine"},"content":{"rendered":"","protected":false},"excerpt":{"rendered":"<div>\n<div>\n<div>\n<div>\n<div>\n<div>\n<div><\/div>\n<\/div>\n<div>\n<p id=\"tw-target-text\" class=\"tw-data-text tw-text-large tw-ta\" dir=\"ltr\" data-placeholder=\"Traduction\" data-ved=\"2ahUKEwikz7zgr4SNAxVPTKQEHZ84CoIQ3ewLegQIDRAV\" aria-label=\"Texte traduit\u00a0: Bracelet de cheville sur cha\u00eene en acier inoxydable, compos\u00e9 de pierres naturelles rondes, d'une fleur \u00e9maill\u00e9e et d'un pendentif ginko textur\u00e9.\n\nLongueur de la cha\u00eene\u00a0: 21\u00a0cm\nLongueur de la cha\u00eenette\u00a0: 3\u00a0cm\nLongueur totale du bracelet de cheville\u00a0: 24\u00a0cm\nGaranti sans nickel, sans cadmium et sans plomb.\nR\u00e9sistant \u00e0 l'eau et ne noircit pas.\n\nS'agissant de pierres naturelles, leur couleur peut varier d'une pierre \u00e0 l'autre.\"><span class=\"Y2IQFc\" lang=\"fr\">Bracelet de cheville sur cha\u00eene en acier inoxydable, compos\u00e9 de pierres naturelles rondes, d&rsquo;une fleur \u00e9maill\u00e9e et d&rsquo;un pendentif ginko textur\u00e9. <\/span><\/p>\n<p class=\"tw-data-text tw-text-large tw-ta\" dir=\"ltr\" data-placeholder=\"Traduction\" data-ved=\"2ahUKEwikz7zgr4SNAxVPTKQEHZ84CoIQ3ewLegQIDRAV\" aria-label=\"Texte traduit\u00a0: Bracelet de cheville sur cha\u00eene en acier inoxydable, compos\u00e9 de pierres naturelles rondes, d'une fleur \u00e9maill\u00e9e et d'un pendentif ginko textur\u00e9.\n\nLongueur de la cha\u00eene\u00a0: 21\u00a0cm\nLongueur de la cha\u00eenette\u00a0: 3\u00a0cm\nLongueur totale du bracelet de cheville\u00a0: 24\u00a0cm\nGaranti sans nickel, sans cadmium et sans plomb.\nR\u00e9sistant \u00e0 l'eau et ne noircit pas.\n\nS'agissant de pierres naturelles, leur couleur peut varier d'une pierre \u00e0 l'autre.\"><span class=\"Y2IQFc\" lang=\"fr\">Longueur de la cha\u00eene : 21 cm Longueur de la cha\u00eenette : 3 cm Longueur totale du bracelet de cheville : 24 cm <\/span><\/p>\n<p class=\"tw-data-text tw-text-large tw-ta\" dir=\"ltr\" data-placeholder=\"Traduction\" data-ved=\"2ahUKEwikz7zgr4SNAxVPTKQEHZ84CoIQ3ewLegQIDRAV\" aria-label=\"Texte traduit\u00a0: Bracelet de cheville sur cha\u00eene en acier inoxydable, compos\u00e9 de pierres naturelles rondes, d'une fleur \u00e9maill\u00e9e et d'un pendentif ginko textur\u00e9.\n\nLongueur de la cha\u00eene\u00a0: 21\u00a0cm\nLongueur de la cha\u00eenette\u00a0: 3\u00a0cm\nLongueur totale du bracelet de cheville\u00a0: 24\u00a0cm\nGaranti sans nickel, sans cadmium et sans plomb.\nR\u00e9sistant \u00e0 l'eau et ne noircit pas.\n\nS'agissant de pierres naturelles, leur couleur peut varier d'une pierre \u00e0 l'autre.\"><span class=\"Y2IQFc\" lang=\"fr\">Garanti sans nickel, sans cadmium et sans plomb. R\u00e9sistant \u00e0 l&rsquo;eau et ne noircit pas.\u00a0<\/span><\/p>\n<\/div>\n<\/div>\n<\/div>\n<\/div>\n<\/div>\n<\/div>\n<div>\u00c9tant des pierres naturelles, leurs couleurs peuvent varier d\u2019une pierre \u00e0 l\u2019autre.<\/div>\n","protected":false},"featured_media":45573,"template":"","meta":[],"product_brand":[891],"product_cat":[24,897,20],"product_tag":[],"class_list":{"0":"post-45570","1":"product","2":"type-product","3":"status-publish","4":"has-post-thumbnail","6":"product_brand-bohm-paris","7":"product_cat-bijoux","8":"product_cat-chevillere","9":"product_cat-lifestyle","10":"description-off","12":"first","13":"instock","14":"shipping-taxable","15":"purchasable","16":"product-type-simple"},"_links":{"self":[{"href":"https:\/\/www.sweetmaloryne.com\/boutique\/wp-json\/wp\/v2\/product\/45570","targetHints":{"allow":["GET"]}}],"collection":[{"href":"https:\/\/www.sweetmaloryne.com\/boutique\/wp-json\/wp\/v2\/product"}],"about":[{"href":"https:\/\/www.sweetmaloryne.com\/boutique\/wp-json\/wp\/v2\/types\/product"}],"wp:featuredmedia":[{"embeddable":true,"href":"https:\/\/www.sweetmaloryne.com\/boutique\/wp-json\/wp\/v2\/media\/45573"}],"wp:attachment":[{"href":"https:\/\/www.sweetmaloryne.com\/boutique\/wp-json\/wp\/v2\/media?parent=45570"}],"wp:term":[{"taxonomy":"product_brand","embeddable":true,"href":"https:\/\/www.sweetmaloryne.com\/boutique\/wp-json\/wp\/v2\/product_brand?post=45570"},{"taxonomy":"product_cat","embeddable":true,"href":"https:\/\/www.sweetmaloryne.com\/boutique\/wp-json\/wp\/v2\/product_cat?post=45570"},{"taxonomy":"product_tag","embeddable":true,"href":"https:\/\/www.sweetmaloryne.com\/boutique\/wp-json\/wp\/v2\/product_tag?post=45570"}],"curies":[{"name":"wp","href":"https:\/\/api.w.org\/{rel}","templated":true}]}}