{"id":45686,"date":"2025-05-09T16:46:53","date_gmt":"2025-05-09T14:46:53","guid":{"rendered":"https:\/\/www.sweetmaloryne.com\/boutique\/?post_type=product&#038;p=45686"},"modified":"2025-07-03T09:50:55","modified_gmt":"2025-07-03T07:50:55","slug":"bracelet-liberty-acier-inoxydable-dore-sambourne-maman-damour","status":"publish","type":"product","link":"https:\/\/www.sweetmaloryne.com\/boutique\/produit\/bracelet-liberty-acier-inoxydable-dore-sambourne-maman-damour\/","title":{"rendered":"Bracelet liberty acier inoxydable Dor\u00e9 &#8211;  Sambourne \u00ab\u00a0Maman d&rsquo;Amour\u00a0\u00bb"},"content":{"rendered":"","protected":false},"excerpt":{"rendered":"<div data-v-cbba9010=\"\" data-v-d3709afa=\"\">\n<div class=\"rich-description ds-text-base ds-text-neutral-900 text-collapsed\" data-v-cbba9010=\"\">Chaque m\u00e9daillon est grav\u00e9 dans notre atelier situ\u00e9 en Normandie pr\u00e9s de Caen.<br \/>\nLe ruban Liberty aux motifs floraux color\u00e9s et d\u00e9licats apporte une touche tendance \u00e0 votre poignet.<br \/>\nId\u00e9al pour offrir ou pour se faire plaisir, ce bracelet r\u00e9glable personnalis\u00e9 fera plaisir \u00e0 coup s\u00fbr.<\/div>\n<\/div>\n<div class=\"variant-shape-properties\" data-v-8468e13d=\"\" data-v-d3709afa=\"\"><\/div>\n<div class=\"description\" data-v-d3709afa=\"\">\n<div data-v-cbba9010=\"\" data-v-d3709afa=\"\">\n<div class=\"rich-description ds-text-base ds-text-neutral-900 gradient-ellipsis\" data-v-cbba9010=\"\">Acier inoxydable<\/div>\n<\/div>\n<\/div>\n","protected":false},"featured_media":45687,"template":"","meta":[],"product_brand":[],"product_cat":[24,49,41,20],"product_tag":[],"class_list":{"0":"post-45686","1":"product","2":"type-product","3":"status-publish","4":"has-post-thumbnail","6":"product_cat-bijoux","7":"product_cat-bracelets","8":"product_cat-kids","9":"product_cat-lifestyle","10":"description-off","12":"first","13":"instock","14":"shipping-taxable","15":"purchasable","16":"product-type-simple"},"_links":{"self":[{"href":"https:\/\/www.sweetmaloryne.com\/boutique\/wp-json\/wp\/v2\/product\/45686","targetHints":{"allow":["GET"]}}],"collection":[{"href":"https:\/\/www.sweetmaloryne.com\/boutique\/wp-json\/wp\/v2\/product"}],"about":[{"href":"https:\/\/www.sweetmaloryne.com\/boutique\/wp-json\/wp\/v2\/types\/product"}],"wp:featuredmedia":[{"embeddable":true,"href":"https:\/\/www.sweetmaloryne.com\/boutique\/wp-json\/wp\/v2\/media\/45687"}],"wp:attachment":[{"href":"https:\/\/www.sweetmaloryne.com\/boutique\/wp-json\/wp\/v2\/media?parent=45686"}],"wp:term":[{"taxonomy":"product_brand","embeddable":true,"href":"https:\/\/www.sweetmaloryne.com\/boutique\/wp-json\/wp\/v2\/product_brand?post=45686"},{"taxonomy":"product_cat","embeddable":true,"href":"https:\/\/www.sweetmaloryne.com\/boutique\/wp-json\/wp\/v2\/product_cat?post=45686"},{"taxonomy":"product_tag","embeddable":true,"href":"https:\/\/www.sweetmaloryne.com\/boutique\/wp-json\/wp\/v2\/product_tag?post=45686"}],"curies":[{"name":"wp","href":"https:\/\/api.w.org\/{rel}","templated":true}]}}