{"id":45700,"date":"2025-05-09T17:04:59","date_gmt":"2025-05-09T15:04:59","guid":{"rendered":"https:\/\/www.sweetmaloryne.com\/boutique\/?post_type=product&#038;p=45700"},"modified":"2026-04-18T11:34:42","modified_gmt":"2026-04-18T09:34:42","slug":"planche-apero-tchin-tchin-bonne-fete-maman","status":"publish","type":"product","link":"https:\/\/www.sweetmaloryne.com\/boutique\/produit\/planche-apero-tchin-tchin-bonne-fete-maman\/","title":{"rendered":"Planche ap\u00e9ro Tchin Tchin Bonne F\u00eate Maman"},"content":{"rendered":"","protected":false},"excerpt":{"rendered":"<h4 class=\"ak-heading--4 ds-text-primary\" data-v-31657ff4=\"\" data-v-d3709afa=\"\">Description<\/h4>\n<div data-v-cbba9010=\"\" data-v-d3709afa=\"\">\n<div class=\"rich-description ds-text-base ds-text-neutral-900 text-collapsed\" data-v-cbba9010=\"\">La planche de bois peut devenir l\u2019accessoire quotidiennement sollicit\u00e9 dans votre cuisine en raison notamment de sa grande polyvalence.<\/div>\n<div class=\"rich-description ds-text-base ds-text-neutral-900 text-collapsed\" data-v-cbba9010=\"\">Vous pouvez utiliser tous les jours cette planche pour y disposer par exemple, le pain, la charcuterie ou encore des sushis.<\/div>\n<div class=\"rich-description ds-text-base ds-text-neutral-900 text-collapsed\" data-v-cbba9010=\"\">Elle pourra faire office de support de pr\u00e9sentation dans le cadre d\u2019un ap\u00e9ritif d\u00eenatoire pour y installer diff\u00e9rents amuse-bouches.<\/div>\n<\/div>\n<div class=\"variant-shape-properties\" data-v-8468e13d=\"\" data-v-d3709afa=\"\"><\/div>\n<div class=\"description\" data-v-d3709afa=\"\">\n<h4 class=\"ak-heading--4 ds-text-primary\" data-v-31657ff4=\"\" data-v-d3709afa=\"\">Dimensions<\/h4>\n<div data-v-cbba9010=\"\" data-v-d3709afa=\"\">\n<div class=\"rich-description ds-text-base ds-text-neutral-900 gradient-ellipsis\" data-v-cbba9010=\"\">31x14x1cm<\/div>\n<\/div>\n<\/div>\n","protected":false},"featured_media":45701,"template":"","meta":[],"product_brand":[],"product_cat":[949,658],"product_tag":[],"class_list":{"0":"post-45700","1":"product","2":"type-product","3":"status-publish","4":"has-post-thumbnail","6":"product_cat-fetes-des-meres","7":"product_cat-nouveautes","8":"description-off","10":"first","11":"instock","12":"shipping-taxable","13":"purchasable","14":"product-type-simple"},"_links":{"self":[{"href":"https:\/\/www.sweetmaloryne.com\/boutique\/wp-json\/wp\/v2\/product\/45700","targetHints":{"allow":["GET"]}}],"collection":[{"href":"https:\/\/www.sweetmaloryne.com\/boutique\/wp-json\/wp\/v2\/product"}],"about":[{"href":"https:\/\/www.sweetmaloryne.com\/boutique\/wp-json\/wp\/v2\/types\/product"}],"wp:featuredmedia":[{"embeddable":true,"href":"https:\/\/www.sweetmaloryne.com\/boutique\/wp-json\/wp\/v2\/media\/45701"}],"wp:attachment":[{"href":"https:\/\/www.sweetmaloryne.com\/boutique\/wp-json\/wp\/v2\/media?parent=45700"}],"wp:term":[{"taxonomy":"product_brand","embeddable":true,"href":"https:\/\/www.sweetmaloryne.com\/boutique\/wp-json\/wp\/v2\/product_brand?post=45700"},{"taxonomy":"product_cat","embeddable":true,"href":"https:\/\/www.sweetmaloryne.com\/boutique\/wp-json\/wp\/v2\/product_cat?post=45700"},{"taxonomy":"product_tag","embeddable":true,"href":"https:\/\/www.sweetmaloryne.com\/boutique\/wp-json\/wp\/v2\/product_tag?post=45700"}],"curies":[{"name":"wp","href":"https:\/\/api.w.org\/{rel}","templated":true}]}}