{"id":45903,"date":"2025-05-15T15:57:30","date_gmt":"2025-05-15T13:57:30","guid":{"rendered":"https:\/\/www.sweetmaloryne.com\/boutique\/?post_type=product&#038;p=45903"},"modified":"2026-01-01T11:04:16","modified_gmt":"2026-01-01T10:04:16","slug":"set-de-12-bougies-chauffe-plat-senteur-bergamote-limette-et-basilic-au-beurre-de-karite-et-huiles-essentielles-o35cm","status":"publish","type":"product","link":"https:\/\/www.sweetmaloryne.com\/boutique\/produit\/set-de-12-bougies-chauffe-plat-senteur-bergamote-limette-et-basilic-au-beurre-de-karite-et-huiles-essentielles-o35cm\/","title":{"rendered":"Set de 12 Bougies Chauffe-Plat Senteur Bergamote, Limette et Basilic au Beurre de Karit\u00e9 et Huiles Essentielles \u00f83,5cm"},"content":{"rendered":"","protected":false},"excerpt":{"rendered":"<pre id=\"tw-target-text\" class=\"tw-data-text tw-text-large tw-ta\" dir=\"ltr\" data-placeholder=\"Traduction\" data-ved=\"2ahUKEwi32I2K0KWNAxXnTqQEHQ0FJ8EQ3ewLegQICRAV\" aria-label=\"Texte traduit\u00a0: Vous ne connaissez pas encore ces bougies parfum\u00e9es ! Le parfum floral citronn\u00e9 de la bergamote rencontre le citron vert frais \u2013 et enfin l'ar\u00f4me est compl\u00e9t\u00e9 par le basilic \u00e9pic\u00e9. Quel m\u00e9lange exclusif ! Le m\u00e9lange miracle est \u00e9galement durable, car les bougies, moul\u00e9es sous forme de bougies chauffe-plat, sont fabriqu\u00e9es \u00e0 partir de beurre de karit\u00e9. Des huiles essentielles naturelles sont finalement utilis\u00e9es pour cr\u00e9er cette exp\u00e9rience parfum\u00e9e. Offrez ce parfum frais en cadeau dans cet \u00e9l\u00e9gant coffret ! Fabriqu\u00e9 \u00e0 partir de bois durable certifi\u00e9 FSC, il attire v\u00e9ritablement le regard avec son motif astucieusement agenc\u00e9. Vous recevrez 12 bougies parfum\u00e9es sous forme de bougies chauffe-plat blanches dans un plateau en aluminium dans un seul paquet. La dur\u00e9e de combustion est d'environ 4 heures. Nous avons \u00e9galement d'autres de ces \u00e9l\u00e9gantes bougies parfum\u00e9es dans un design similaire et d'autres ar\u00f4mes dans notre gamme. Veuillez noter: Lorsque vous br\u00fblez des bougies, vous devez toujours respecter les consignes de s\u00e9curit\u00e9 relatives \u00e0 la manipulation de flammes nues. Les accessoires et objets d\u00e9coratifs pr\u00e9sent\u00e9s sur les images des produits ne sont pas inclus dans la livraison.\"><span class=\"Y2IQFc\" lang=\"fr\">Vous ne connaissez pas encore ces bougies parfum\u00e9es ! \r\nLe parfum floral citronn\u00e9 de la bergamote rencontre le citron vert frais \u2013 et enfin l'ar\u00f4me est compl\u00e9t\u00e9 par le basilic \u00e9pic\u00e9. Quel m\u00e9lange exclusif !\r\n\r\nLe m\u00e9lange miracle est \u00e9galement durable, car les bougies, moul\u00e9es sous forme de bougies chauffe-plat, sont fabriqu\u00e9es \u00e0 partir de beurre de karit\u00e9.\r\nDes huiles essentielles naturelles sont finalement utilis\u00e9es pour cr\u00e9er cette exp\u00e9rience parfum\u00e9e.\r\n\r\nOffrez ce parfum frais en cadeau dans cet \u00e9l\u00e9gant coffret ! \r\nFabriqu\u00e9 \u00e0 partir de bois durable certifi\u00e9 FSC, il attire v\u00e9ritablement le regard avec son motif astucieusement agenc\u00e9.\r\n\r\nVous recevrez 12 bougies parfum\u00e9es sous forme de bougies chauffe-plat blanches dans un plateau en aluminium dans un seul paquet. \r\nLa dur\u00e9e de combustion est d'environ 4 heures<\/span><\/pre>\n","protected":false},"featured_media":46125,"template":"","meta":[],"product_brand":[],"product_cat":[22,32,20],"product_tag":[],"class_list":{"0":"post-45903","1":"product","2":"type-product","3":"status-publish","4":"has-post-thumbnail","6":"product_cat-destockage","7":"product_cat-bougies","8":"product_cat-lifestyle","9":"description-off","11":"first","12":"instock","13":"sale","14":"shipping-taxable","15":"purchasable","16":"product-type-simple"},"_links":{"self":[{"href":"https:\/\/www.sweetmaloryne.com\/boutique\/wp-json\/wp\/v2\/product\/45903","targetHints":{"allow":["GET"]}}],"collection":[{"href":"https:\/\/www.sweetmaloryne.com\/boutique\/wp-json\/wp\/v2\/product"}],"about":[{"href":"https:\/\/www.sweetmaloryne.com\/boutique\/wp-json\/wp\/v2\/types\/product"}],"wp:featuredmedia":[{"embeddable":true,"href":"https:\/\/www.sweetmaloryne.com\/boutique\/wp-json\/wp\/v2\/media\/46125"}],"wp:attachment":[{"href":"https:\/\/www.sweetmaloryne.com\/boutique\/wp-json\/wp\/v2\/media?parent=45903"}],"wp:term":[{"taxonomy":"product_brand","embeddable":true,"href":"https:\/\/www.sweetmaloryne.com\/boutique\/wp-json\/wp\/v2\/product_brand?post=45903"},{"taxonomy":"product_cat","embeddable":true,"href":"https:\/\/www.sweetmaloryne.com\/boutique\/wp-json\/wp\/v2\/product_cat?post=45903"},{"taxonomy":"product_tag","embeddable":true,"href":"https:\/\/www.sweetmaloryne.com\/boutique\/wp-json\/wp\/v2\/product_tag?post=45903"}],"curies":[{"name":"wp","href":"https:\/\/api.w.org\/{rel}","templated":true}]}}