{"id":45914,"date":"2025-05-15T16:58:22","date_gmt":"2025-05-15T14:58:22","guid":{"rendered":"https:\/\/www.sweetmaloryne.com\/boutique\/?post_type=product&#038;p=45914"},"modified":"2025-05-15T17:35:06","modified_gmt":"2025-05-15T15:35:06","slug":"bague-dore-double-anneau-martele-et-ajoure","status":"publish","type":"product","link":"https:\/\/www.sweetmaloryne.com\/boutique\/produit\/bague-dore-double-anneau-martele-et-ajoure\/","title":{"rendered":"Bague Dor\u00e9e &#8211; double anneau martel\u00e9 et ajour\u00e9"},"content":{"rendered":"","protected":false},"excerpt":{"rendered":"<p>Bague en acier inoxydable compos\u00e9e de 2 formes entrecrois\u00e9es, martel\u00e9es et ajour\u00e9es.<br \/>\nAjustable, la bague se resserre ou s&rsquo;agrandit : de la taille 50 \u00e0 58<br \/>\nHauteur de la bague: 24 mm<br \/>\nEpaisseur de l&rsquo;anneau : 1 mm<\/p>\n<p>Garantie sans nickel, sans cadmium, sans sel de plomb.<br \/>\nR\u00e9siste \u00e0 l\u2019eau et ne noircit pas.<\/p>\n","protected":false},"featured_media":45916,"template":"","meta":[],"product_brand":[891],"product_cat":[61,24,20],"product_tag":[],"class_list":{"0":"post-45914","1":"product","2":"type-product","3":"status-publish","4":"has-post-thumbnail","6":"product_brand-bohm-paris","7":"product_cat-bagues","8":"product_cat-bijoux","9":"product_cat-lifestyle","10":"description-off","12":"first","13":"instock","14":"shipping-taxable","15":"purchasable","16":"product-type-simple"},"_links":{"self":[{"href":"https:\/\/www.sweetmaloryne.com\/boutique\/wp-json\/wp\/v2\/product\/45914","targetHints":{"allow":["GET"]}}],"collection":[{"href":"https:\/\/www.sweetmaloryne.com\/boutique\/wp-json\/wp\/v2\/product"}],"about":[{"href":"https:\/\/www.sweetmaloryne.com\/boutique\/wp-json\/wp\/v2\/types\/product"}],"wp:featuredmedia":[{"embeddable":true,"href":"https:\/\/www.sweetmaloryne.com\/boutique\/wp-json\/wp\/v2\/media\/45916"}],"wp:attachment":[{"href":"https:\/\/www.sweetmaloryne.com\/boutique\/wp-json\/wp\/v2\/media?parent=45914"}],"wp:term":[{"taxonomy":"product_brand","embeddable":true,"href":"https:\/\/www.sweetmaloryne.com\/boutique\/wp-json\/wp\/v2\/product_brand?post=45914"},{"taxonomy":"product_cat","embeddable":true,"href":"https:\/\/www.sweetmaloryne.com\/boutique\/wp-json\/wp\/v2\/product_cat?post=45914"},{"taxonomy":"product_tag","embeddable":true,"href":"https:\/\/www.sweetmaloryne.com\/boutique\/wp-json\/wp\/v2\/product_tag?post=45914"}],"curies":[{"name":"wp","href":"https:\/\/api.w.org\/{rel}","templated":true}]}}