{"id":45925,"date":"2025-05-15T17:03:21","date_gmt":"2025-05-15T15:03:21","guid":{"rendered":"https:\/\/www.sweetmaloryne.com\/boutique\/?post_type=product&#038;p=45925"},"modified":"2025-05-16T15:58:54","modified_gmt":"2025-05-16T13:58:54","slug":"bague-doree-pierre-style-oeil-de-chat-ovale-taillee-marine","status":"publish","type":"product","link":"https:\/\/www.sweetmaloryne.com\/boutique\/produit\/bague-doree-pierre-style-oeil-de-chat-ovale-taillee-marine\/","title":{"rendered":"Bague Dor\u00e9e &#8211; pierre style oeil de chat ovale taill\u00e9e Marine"},"content":{"rendered":"","protected":false},"excerpt":{"rendered":"<p>Bague en acier inoxydable compos\u00e9e d&rsquo;une pierre oeil de chat ovale taill\u00e9e.<br \/>\nAjustable et relativement rigide : de la taille 50 \u00e0 56.<br \/>\nHatueur de la bague: 24 mm<br \/>\nEpaisseur de l&rsquo;anneau : 14 mm<br \/>\nDimensions de la pierre : 13 x 19 mm<\/p>\n<p>Garantie sans nickel, sans cadmium, sans sel de plomb.<br \/>\nR\u00e9siste \u00e0 l\u2019eau et ne noircit pas.<br \/>\n\u00c9tant des pierres naturelles, leurs couleurs peuvent varier d\u2019une pierre \u00e0 l\u2019autre.<\/p>\n","protected":false},"featured_media":45927,"template":"","meta":[],"product_brand":[891],"product_cat":[61,24,20],"product_tag":[],"class_list":{"0":"post-45925","1":"product","2":"type-product","3":"status-publish","4":"has-post-thumbnail","6":"product_brand-bohm-paris","7":"product_cat-bagues","8":"product_cat-bijoux","9":"product_cat-lifestyle","10":"description-off","12":"first","13":"instock","14":"shipping-taxable","15":"purchasable","16":"product-type-simple"},"_links":{"self":[{"href":"https:\/\/www.sweetmaloryne.com\/boutique\/wp-json\/wp\/v2\/product\/45925","targetHints":{"allow":["GET"]}}],"collection":[{"href":"https:\/\/www.sweetmaloryne.com\/boutique\/wp-json\/wp\/v2\/product"}],"about":[{"href":"https:\/\/www.sweetmaloryne.com\/boutique\/wp-json\/wp\/v2\/types\/product"}],"wp:featuredmedia":[{"embeddable":true,"href":"https:\/\/www.sweetmaloryne.com\/boutique\/wp-json\/wp\/v2\/media\/45927"}],"wp:attachment":[{"href":"https:\/\/www.sweetmaloryne.com\/boutique\/wp-json\/wp\/v2\/media?parent=45925"}],"wp:term":[{"taxonomy":"product_brand","embeddable":true,"href":"https:\/\/www.sweetmaloryne.com\/boutique\/wp-json\/wp\/v2\/product_brand?post=45925"},{"taxonomy":"product_cat","embeddable":true,"href":"https:\/\/www.sweetmaloryne.com\/boutique\/wp-json\/wp\/v2\/product_cat?post=45925"},{"taxonomy":"product_tag","embeddable":true,"href":"https:\/\/www.sweetmaloryne.com\/boutique\/wp-json\/wp\/v2\/product_tag?post=45925"}],"curies":[{"name":"wp","href":"https:\/\/api.w.org\/{rel}","templated":true}]}}