{"id":45952,"date":"2025-05-15T17:20:20","date_gmt":"2025-05-15T15:20:20","guid":{"rendered":"https:\/\/www.sweetmaloryne.com\/boutique\/?post_type=product&#038;p=45952"},"modified":"2025-05-15T17:21:28","modified_gmt":"2025-05-15T15:21:28","slug":"boucles-doree-pendantes-pierres-naturelles-turquoise-africaine-reconstituee-et-cristal-taille-carre","status":"publish","type":"product","link":"https:\/\/www.sweetmaloryne.com\/boutique\/produit\/boucles-doree-pendantes-pierres-naturelles-turquoise-africaine-reconstituee-et-cristal-taille-carre\/","title":{"rendered":"Boucles Dor\u00e9e pendantes &#8211; pierres naturelles Turquoise Africaine Reconstitu\u00e9e et cristal taill\u00e9 carr\u00e9"},"content":{"rendered":"","protected":false},"excerpt":{"rendered":"<p>Boucles d&rsquo;oreilles pendantes en acier inoxydable compos\u00e9es d&rsquo;une boule et d&rsquo;un empi\u00e8cement g\u00e9om\u00e9trique orn\u00e9 d&rsquo;un cristal taill\u00e9 carr\u00e9 et de pierres naturelles rondes.<br \/>\nDimensions de la boucle : 14 x 21 mm<\/p>\n<p>Garantie sans nickel, sans cadmium, sans sel de plomb.<br \/>\nR\u00e9siste \u00e0 l\u2019eau et ne noircit pas.<br \/>\n\u00c9tant des pierres naturelles, leurs couleurs peuvent varier d\u2019une pierre \u00e0 l\u2019autre<\/p>\n","protected":false},"featured_media":45953,"template":"","meta":[],"product_brand":[891],"product_cat":[24,55,20],"product_tag":[],"class_list":{"0":"post-45952","1":"product","2":"type-product","3":"status-publish","4":"has-post-thumbnail","6":"product_brand-bohm-paris","7":"product_cat-bijoux","8":"product_cat-boucles-d-oreilles","9":"product_cat-lifestyle","10":"description-off","12":"first","13":"instock","14":"shipping-taxable","15":"purchasable","16":"product-type-simple"},"_links":{"self":[{"href":"https:\/\/www.sweetmaloryne.com\/boutique\/wp-json\/wp\/v2\/product\/45952","targetHints":{"allow":["GET"]}}],"collection":[{"href":"https:\/\/www.sweetmaloryne.com\/boutique\/wp-json\/wp\/v2\/product"}],"about":[{"href":"https:\/\/www.sweetmaloryne.com\/boutique\/wp-json\/wp\/v2\/types\/product"}],"wp:featuredmedia":[{"embeddable":true,"href":"https:\/\/www.sweetmaloryne.com\/boutique\/wp-json\/wp\/v2\/media\/45953"}],"wp:attachment":[{"href":"https:\/\/www.sweetmaloryne.com\/boutique\/wp-json\/wp\/v2\/media?parent=45952"}],"wp:term":[{"taxonomy":"product_brand","embeddable":true,"href":"https:\/\/www.sweetmaloryne.com\/boutique\/wp-json\/wp\/v2\/product_brand?post=45952"},{"taxonomy":"product_cat","embeddable":true,"href":"https:\/\/www.sweetmaloryne.com\/boutique\/wp-json\/wp\/v2\/product_cat?post=45952"},{"taxonomy":"product_tag","embeddable":true,"href":"https:\/\/www.sweetmaloryne.com\/boutique\/wp-json\/wp\/v2\/product_tag?post=45952"}],"curies":[{"name":"wp","href":"https:\/\/api.w.org\/{rel}","templated":true}]}}