{"id":46056,"date":"2025-05-16T11:09:58","date_gmt":"2025-05-16T09:09:58","guid":{"rendered":"https:\/\/www.sweetmaloryne.com\/boutique\/?post_type=product&#038;p=46056"},"modified":"2025-05-16T11:11:10","modified_gmt":"2025-05-16T09:11:10","slug":"collier-sultana-5-rangs-mailles-forcat-torsadee-gourmettes-et-figaro","status":"publish","type":"product","link":"https:\/\/www.sweetmaloryne.com\/boutique\/produit\/collier-sultana-5-rangs-mailles-forcat-torsadee-gourmettes-et-figaro\/","title":{"rendered":"Collier Sultana &#8211; 5 rangs, mailles for\u00e7at, torsad\u00e9e, gourmettes et figaro"},"content":{"rendered":"","protected":false},"excerpt":{"rendered":"<p>Collier sur cha\u00eene en acier inoxydable compos\u00e9 de 5 rangs, une maille type for\u00e7at, une maille torsad\u00e9e, deux mailles gourmettes fines et une maille figaro.<br \/>\nLongueur de la cha\u00eene : 46 cm<br \/>\nLongueur de la cha\u00eene de r\u00e9glage : 5 cm<br \/>\nLongueur du collier : 51 cm<\/p>\n<p>Garantie sans nickel, sans cadmium, sans sel de plomb.<br \/>\nR\u00e9siste \u00e0 l\u2019eau et ne noircit pas.<\/p>\n","protected":false},"featured_media":46057,"template":"","meta":[],"product_brand":[891],"product_cat":[24,42,20],"product_tag":[],"class_list":{"0":"post-46056","1":"product","2":"type-product","3":"status-publish","4":"has-post-thumbnail","6":"product_brand-bohm-paris","7":"product_cat-bijoux","8":"product_cat-colliers","9":"product_cat-lifestyle","10":"description-off","12":"first","13":"instock","14":"shipping-taxable","15":"purchasable","16":"product-type-simple"},"_links":{"self":[{"href":"https:\/\/www.sweetmaloryne.com\/boutique\/wp-json\/wp\/v2\/product\/46056","targetHints":{"allow":["GET"]}}],"collection":[{"href":"https:\/\/www.sweetmaloryne.com\/boutique\/wp-json\/wp\/v2\/product"}],"about":[{"href":"https:\/\/www.sweetmaloryne.com\/boutique\/wp-json\/wp\/v2\/types\/product"}],"wp:featuredmedia":[{"embeddable":true,"href":"https:\/\/www.sweetmaloryne.com\/boutique\/wp-json\/wp\/v2\/media\/46057"}],"wp:attachment":[{"href":"https:\/\/www.sweetmaloryne.com\/boutique\/wp-json\/wp\/v2\/media?parent=46056"}],"wp:term":[{"taxonomy":"product_brand","embeddable":true,"href":"https:\/\/www.sweetmaloryne.com\/boutique\/wp-json\/wp\/v2\/product_brand?post=46056"},{"taxonomy":"product_cat","embeddable":true,"href":"https:\/\/www.sweetmaloryne.com\/boutique\/wp-json\/wp\/v2\/product_cat?post=46056"},{"taxonomy":"product_tag","embeddable":true,"href":"https:\/\/www.sweetmaloryne.com\/boutique\/wp-json\/wp\/v2\/product_tag?post=46056"}],"curies":[{"name":"wp","href":"https:\/\/api.w.org\/{rel}","templated":true}]}}