{"id":46060,"date":"2025-05-16T11:13:23","date_gmt":"2025-05-16T09:13:23","guid":{"rendered":"https:\/\/www.sweetmaloryne.com\/boutique\/?post_type=product&#038;p=46060"},"modified":"2025-05-16T11:14:46","modified_gmt":"2025-05-16T09:14:46","slug":"creoles-dorees-anneau-epais-17mm-et-boule-traversante","status":"publish","type":"product","link":"https:\/\/www.sweetmaloryne.com\/boutique\/produit\/creoles-dorees-anneau-epais-17mm-et-boule-traversante\/","title":{"rendered":"Cr\u00e9oles Dor\u00e9es &#8211; anneau \u00e9pais 17mm et boule traversante"},"content":{"rendered":"","protected":false},"excerpt":{"rendered":"<p>Boucles d&rsquo;oreilles type cr\u00e9oles avec fermoir \u00e0 charni\u00e8re en acier inoxydable compos\u00e9es d&rsquo;un anneau \u00e9pais et d&rsquo;une boule traversante.<br \/>\nDimensions de la boucle : 17 x 20 x 10 mm<\/p>\n<p>Garantie sans nickel, sans cadmium, sans sel de plomb.<br \/>\nR\u00e9siste \u00e0 l\u2019eau et ne noircit pas.<\/p>\n","protected":false},"featured_media":46061,"template":"","meta":[],"product_brand":[891],"product_cat":[24,55,20],"product_tag":[],"class_list":{"0":"post-46060","1":"product","2":"type-product","3":"status-publish","4":"has-post-thumbnail","6":"product_brand-bohm-paris","7":"product_cat-bijoux","8":"product_cat-boucles-d-oreilles","9":"product_cat-lifestyle","10":"description-off","12":"first","13":"instock","14":"shipping-taxable","15":"purchasable","16":"product-type-simple"},"_links":{"self":[{"href":"https:\/\/www.sweetmaloryne.com\/boutique\/wp-json\/wp\/v2\/product\/46060","targetHints":{"allow":["GET"]}}],"collection":[{"href":"https:\/\/www.sweetmaloryne.com\/boutique\/wp-json\/wp\/v2\/product"}],"about":[{"href":"https:\/\/www.sweetmaloryne.com\/boutique\/wp-json\/wp\/v2\/types\/product"}],"wp:featuredmedia":[{"embeddable":true,"href":"https:\/\/www.sweetmaloryne.com\/boutique\/wp-json\/wp\/v2\/media\/46061"}],"wp:attachment":[{"href":"https:\/\/www.sweetmaloryne.com\/boutique\/wp-json\/wp\/v2\/media?parent=46060"}],"wp:term":[{"taxonomy":"product_brand","embeddable":true,"href":"https:\/\/www.sweetmaloryne.com\/boutique\/wp-json\/wp\/v2\/product_brand?post=46060"},{"taxonomy":"product_cat","embeddable":true,"href":"https:\/\/www.sweetmaloryne.com\/boutique\/wp-json\/wp\/v2\/product_cat?post=46060"},{"taxonomy":"product_tag","embeddable":true,"href":"https:\/\/www.sweetmaloryne.com\/boutique\/wp-json\/wp\/v2\/product_tag?post=46060"}],"curies":[{"name":"wp","href":"https:\/\/api.w.org\/{rel}","templated":true}]}}