{"id":46079,"date":"2025-05-16T11:38:40","date_gmt":"2025-05-16T09:38:40","guid":{"rendered":"https:\/\/www.sweetmaloryne.com\/boutique\/?post_type=product&#038;p=46079"},"modified":"2025-05-16T11:42:36","modified_gmt":"2025-05-16T09:42:36","slug":"creoles-levana-dorees-pierre-blanche","status":"publish","type":"product","link":"https:\/\/www.sweetmaloryne.com\/boutique\/produit\/creoles-levana-dorees-pierre-blanche\/","title":{"rendered":"Cr\u00e9oles L\u00e9vana Dor\u00e9es &#8211; pierre Blanche"},"content":{"rendered":"","protected":false},"excerpt":{"rendered":"<p>Boucles d&rsquo;oreilles type cr\u00e9oles en acier inoxydable compos\u00e9es d&rsquo;un anneau textur\u00e9 et d&rsquo;une pierre naturelle.<br \/>\nDimensions de la cr\u00e9ole : 11 x 11 mm<br \/>\nDimensions de la pierre : 8 x 10 mm<br \/>\nDimensions de la boucle : 8 x 24 mm<\/p>\n<p>Garantie sans nickel, sans cadmium, sans sel de plomb.<br \/>\nR\u00e9siste \u00e0 l\u2019eau et ne noircit pas.<br \/>\n\u00c9tant des pierres naturelles, leurs couleurs peuvent varier d\u2019une pierre \u00e0 l\u2019autre.<\/p>\n","protected":false},"featured_media":46080,"template":"","meta":[],"product_brand":[891],"product_cat":[24,55,20],"product_tag":[],"class_list":{"0":"post-46079","1":"product","2":"type-product","3":"status-publish","4":"has-post-thumbnail","6":"product_brand-bohm-paris","7":"product_cat-bijoux","8":"product_cat-boucles-d-oreilles","9":"product_cat-lifestyle","10":"description-off","12":"first","13":"instock","14":"shipping-taxable","15":"purchasable","16":"product-type-simple"},"_links":{"self":[{"href":"https:\/\/www.sweetmaloryne.com\/boutique\/wp-json\/wp\/v2\/product\/46079","targetHints":{"allow":["GET"]}}],"collection":[{"href":"https:\/\/www.sweetmaloryne.com\/boutique\/wp-json\/wp\/v2\/product"}],"about":[{"href":"https:\/\/www.sweetmaloryne.com\/boutique\/wp-json\/wp\/v2\/types\/product"}],"wp:featuredmedia":[{"embeddable":true,"href":"https:\/\/www.sweetmaloryne.com\/boutique\/wp-json\/wp\/v2\/media\/46080"}],"wp:attachment":[{"href":"https:\/\/www.sweetmaloryne.com\/boutique\/wp-json\/wp\/v2\/media?parent=46079"}],"wp:term":[{"taxonomy":"product_brand","embeddable":true,"href":"https:\/\/www.sweetmaloryne.com\/boutique\/wp-json\/wp\/v2\/product_brand?post=46079"},{"taxonomy":"product_cat","embeddable":true,"href":"https:\/\/www.sweetmaloryne.com\/boutique\/wp-json\/wp\/v2\/product_cat?post=46079"},{"taxonomy":"product_tag","embeddable":true,"href":"https:\/\/www.sweetmaloryne.com\/boutique\/wp-json\/wp\/v2\/product_tag?post=46079"}],"curies":[{"name":"wp","href":"https:\/\/api.w.org\/{rel}","templated":true}]}}