{"id":46081,"date":"2025-05-16T11:40:16","date_gmt":"2025-05-16T09:40:16","guid":{"rendered":"https:\/\/www.sweetmaloryne.com\/boutique\/?post_type=product&#038;p=46081"},"modified":"2025-05-16T11:42:05","modified_gmt":"2025-05-16T09:42:05","slug":"creoles-doree-mai-en-acier-barre-et-goutte-en-acetate-vert-pendante","status":"publish","type":"product","link":"https:\/\/www.sweetmaloryne.com\/boutique\/produit\/creoles-doree-mai-en-acier-barre-et-goutte-en-acetate-vert-pendante\/","title":{"rendered":"Cr\u00e9oles Dor\u00e9e Mai en acier &#8211; barre et goutte en ac\u00e9tate Vert pendante"},"content":{"rendered":"","protected":false},"excerpt":{"rendered":"<p>Boucles d&rsquo;oreilles type cr\u00e9oles en acier inoxydable compos\u00e9es d&rsquo;un anneau simple ainsi que d&rsquo;une barre et un ac\u00e9tate color\u00e9 en forme de goutte pendants.<br \/>\nDimensions de la cr\u00e9ole : 35 x 35 x 2 mm<br \/>\nDimensions de la goutte : 13 x 18 mm<br \/>\nDimensions de la boucle : 18 x 60 mm<\/p>\n<p>Garantie sans nickel, sans cadmium, sans sel de plomb.<br \/>\nR\u00e9siste \u00e0 l\u2019eau et ne noircit pas.<br \/>\n\u00c9tant de l&rsquo;ac\u00e9tate, leurs couleurs peuvent varier d\u2019une pi\u00e8ce \u00e0 l\u2019autre.<\/p>\n","protected":false},"featured_media":46083,"template":"","meta":[],"product_brand":[891],"product_cat":[24,55,20],"product_tag":[],"class_list":{"0":"post-46081","1":"product","2":"type-product","3":"status-publish","4":"has-post-thumbnail","6":"product_brand-bohm-paris","7":"product_cat-bijoux","8":"product_cat-boucles-d-oreilles","9":"product_cat-lifestyle","10":"description-off","12":"first","13":"instock","14":"shipping-taxable","15":"purchasable","16":"product-type-simple"},"_links":{"self":[{"href":"https:\/\/www.sweetmaloryne.com\/boutique\/wp-json\/wp\/v2\/product\/46081","targetHints":{"allow":["GET"]}}],"collection":[{"href":"https:\/\/www.sweetmaloryne.com\/boutique\/wp-json\/wp\/v2\/product"}],"about":[{"href":"https:\/\/www.sweetmaloryne.com\/boutique\/wp-json\/wp\/v2\/types\/product"}],"wp:featuredmedia":[{"embeddable":true,"href":"https:\/\/www.sweetmaloryne.com\/boutique\/wp-json\/wp\/v2\/media\/46083"}],"wp:attachment":[{"href":"https:\/\/www.sweetmaloryne.com\/boutique\/wp-json\/wp\/v2\/media?parent=46081"}],"wp:term":[{"taxonomy":"product_brand","embeddable":true,"href":"https:\/\/www.sweetmaloryne.com\/boutique\/wp-json\/wp\/v2\/product_brand?post=46081"},{"taxonomy":"product_cat","embeddable":true,"href":"https:\/\/www.sweetmaloryne.com\/boutique\/wp-json\/wp\/v2\/product_cat?post=46081"},{"taxonomy":"product_tag","embeddable":true,"href":"https:\/\/www.sweetmaloryne.com\/boutique\/wp-json\/wp\/v2\/product_tag?post=46081"}],"curies":[{"name":"wp","href":"https:\/\/api.w.org\/{rel}","templated":true}]}}