{"id":46390,"date":"2025-05-23T10:49:27","date_gmt":"2025-05-23T08:49:27","guid":{"rendered":"https:\/\/www.sweetmaloryne.com\/boutique\/?post_type=product&#038;p=46390"},"modified":"2025-09-26T14:38:04","modified_gmt":"2025-09-26T12:38:04","slug":"pendentif-solaire-pierre-de-lune-energie-feminine","status":"publish","type":"product","link":"https:\/\/www.sweetmaloryne.com\/boutique\/produit\/pendentif-solaire-pierre-de-lune-energie-feminine\/","title":{"rendered":"Pendentif Solaire Pierre de Lune &#8211; Energie F\u00e9minine"},"content":{"rendered":"","protected":false},"excerpt":{"rendered":"<p>Ce magnifique support de fen\u00eatre\/pendentif soleil attire tous les regards sur votre fen\u00eatre. Lorsque le soleil brille, les cristaux brillent.<\/p>\n<p>Ce magnifique attrape-soleil aura \u00e9galement fi\u00e8re allure dans la chambre (de b\u00e9b\u00e9).<br \/>\nLa pierre de lune symbolise son \u00e9nergie f\u00e9minine et est connect\u00e9e \u00e0 la nature. Vous aide \u00e0 vous calmer et \u00e0 \u00e9couter votre propre intuition.<\/p>\n<p>R\u00e9\u00e9quilibre votre cycle hormonal avec la nature, favorisant ainsi la grossesse et la m\u00e9nopause.<\/p>\n<p>D\u00e9tails:<br \/>\n\u30fbPierres pr\u00e9cieuses en pierre de lune et diamant taill\u00e9 en verre<br \/>\n\u30fbY compris la carte de signification<br \/>\n\u30fbDiam\u00e8tre du pendentif : 8 cm<br \/>\n\u30fbLongueur totale : 34 cm<\/p>\n","protected":false},"featured_media":46391,"template":"","meta":[],"product_brand":[],"product_cat":[19,40,53,885],"product_tag":[],"class_list":{"0":"post-46390","1":"product","2":"type-product","3":"status-publish","4":"has-post-thumbnail","6":"product_cat-decoration","7":"product_cat-jardin","8":"product_cat-pendentifs","9":"product_cat-suspension-decorative","10":"description-off","12":"first","13":"instock","14":"shipping-taxable","15":"purchasable","16":"product-type-simple"},"_links":{"self":[{"href":"https:\/\/www.sweetmaloryne.com\/boutique\/wp-json\/wp\/v2\/product\/46390","targetHints":{"allow":["GET"]}}],"collection":[{"href":"https:\/\/www.sweetmaloryne.com\/boutique\/wp-json\/wp\/v2\/product"}],"about":[{"href":"https:\/\/www.sweetmaloryne.com\/boutique\/wp-json\/wp\/v2\/types\/product"}],"wp:featuredmedia":[{"embeddable":true,"href":"https:\/\/www.sweetmaloryne.com\/boutique\/wp-json\/wp\/v2\/media\/46391"}],"wp:attachment":[{"href":"https:\/\/www.sweetmaloryne.com\/boutique\/wp-json\/wp\/v2\/media?parent=46390"}],"wp:term":[{"taxonomy":"product_brand","embeddable":true,"href":"https:\/\/www.sweetmaloryne.com\/boutique\/wp-json\/wp\/v2\/product_brand?post=46390"},{"taxonomy":"product_cat","embeddable":true,"href":"https:\/\/www.sweetmaloryne.com\/boutique\/wp-json\/wp\/v2\/product_cat?post=46390"},{"taxonomy":"product_tag","embeddable":true,"href":"https:\/\/www.sweetmaloryne.com\/boutique\/wp-json\/wp\/v2\/product_tag?post=46390"}],"curies":[{"name":"wp","href":"https:\/\/api.w.org\/{rel}","templated":true}]}}